{"id":209787,"date":"2023-08-23T10:48:47","date_gmt":"2023-08-23T15:48:47","guid":{"rendered":"https:\/\/ucm.edu.co\/biblioteca\/?page_id=209787"},"modified":"2026-02-04T12:56:25","modified_gmt":"2026-02-04T17:56:25","slug":"sobre-la-biblioteca","status":"publish","type":"page","link":"https:\/\/ucm.edu.co\/biblioteca\/sobre-la-biblioteca\/","title":{"rendered":"Sobre la Biblioteca"},"content":{"rendered":"[et_pb_section admin_label=&#8221;section&#8221;]\n\t\t\t[et_pb_row admin_label=&#8221;row&#8221;]\n\t\t\t\t[et_pb_column type=&#8221;4_4&#8243;][et_pb_text admin_label=&#8221;Text&#8221;]\n<p>La Biblioteca \u201cHna. Josefina N\u00fa\u00f1ez G\u00f3mez\u201d de la Universidad Cat\u00f3lica de Manizales busca apoyar con recursos de informaci\u00f3n y conocimiento a la comunidad universitaria, por ello, sus servicios responden a las necesidades de estudiantes, egresados, profesores, investigadores y personal de apoyo institucional, para contribuir al mejor desempe\u00f1o de su actividad estudiantil o profesional.<\/p>\n\n\n\n<p>La biblioteca es un centro de recursos de aprendizaje y es una unidad de apoyo a los programas acad\u00e9micos de la UCM, que pertenece a la Vicerrector\u00eda acad\u00e9mica.<\/p>\n\n\n\n<p>De igual manera para una mejor prestaci\u00f3n de los diferentes servicios y un \u00f3ptimo funcionamiento, la biblioteca cuenta con un reglamento el cual podr\u00e1 descargar en formato PDF. [Vincular con Documento Adjunto 1]<\/p>\n\n\n\n<h2 class=\"wp-block-heading\">Objetivos<\/h2>\n\n\n\n<ul class=\"wp-block-list listado_generico\">\n<li>Proporcionar a todos los miembros de la UCM el acceso a la informaci\u00f3n cient\u00edfica y t\u00e9cnica a trav\u00e9s del desarrollo de un acervo documental impreso y digital actualizado que permita satisfacer las demandas de informaci\u00f3n contribuyendo as\u00ed al desarrollo educativo e investigativo de la Universidad.<\/li>\n\n\n\n<li>Fomentar en los usuarios el uso de los servicios digitales que permiten el acceso remoto de informaci\u00f3n cient\u00edfica y t\u00e9cnica.<\/li>\n\n\n\n<li>Almacenar, conservar, y difundir la producci\u00f3n intelectual de la UCM a trav\u00e9s del repositorio institucional.<\/li>\n\n\n\n<li>Establecer alianzas con bibliotecas afines con el fin de realizar proyectos cooperativos que beneficien los usuarios.<\/li>\n<\/ul>\n\n\n\n<div style=\"height:20px\" aria-hidden=\"true\" class=\"wp-block-spacer\"><\/div>\n\n\n\n<h2 class=\"wp-block-heading\">Talento humano<\/h2>\n\n\n\n<p><strong>Profesional V\u00edctor Hugo Mar\u00edn Torres<\/strong><br>Coordinador Biblioteca<br>vmarin@ucm.edu.co<\/p>\n\n\n\n<p><strong>Profesional Mar\u00eda de los Angeles Pimienta Arias<\/strong><br>Psic\u00f3loga<br>mpimienta@ucm.edu.co<\/p>\n\n\n\n<p><strong>Nubiola Ballesteros Quintero<\/strong><br>Auxiliar procesos t\u00e9cnicos<br>nquintero@ucm.edu.co<\/p>\n\n\n\n<p><strong>Libia S\u00e1nchez<\/strong><br>Auxiliar Recepci\u00f3n<br>lisanchez@ucm.edu.co<\/p>\n[\/et_pb_text][\/et_pb_column]\n\t\t\t[\/et_pb_row]\n\t\t[\/et_pb_section]","protected":false},"excerpt":{"rendered":"<p>La Biblioteca \u201cHna. Josefina N\u00fa\u00f1ez G\u00f3mez\u201d de la Universidad Cat\u00f3lica de Manizales busca apoyar con recursos de informaci\u00f3n y conocimiento a la comunidad universitaria, por ello, sus servicios responden a [&hellip;]<\/p>\n","protected":false},"author":2,"featured_media":209728,"parent":0,"menu_order":9,"comment_status":"closed","ping_status":"closed","template":"","meta":{"_et_pb_use_builder":"on","_et_pb_old_content":"<!-- wp:paragraph -->\n<p>La Biblioteca \u201cHna. Josefina N\u00fa\u00f1ez G\u00f3mez\u201d de la Universidad Cat\u00f3lica de Manizales busca apoyar con recursos de informaci\u00f3n y conocimiento a la comunidad universitaria, por ello, sus servicios responden a las necesidades de estudiantes, egresados, profesores, investigadores y personal de apoyo institucional, para contribuir al mejor desempe\u00f1o de su actividad estudiantil o profesional.<\/p>\n<!-- \/wp:paragraph -->\n\n<!-- wp:paragraph -->\n<p>La biblioteca es un centro de recursos de aprendizaje y es una unidad de apoyo a los programas acad\u00e9micos de la UCM, que pertenece a la Vicerrector\u00eda acad\u00e9mica.<\/p>\n<!-- \/wp:paragraph -->\n\n<!-- wp:paragraph -->\n<p>De igual manera para una mejor prestaci\u00f3n de los diferentes servicios y un \u00f3ptimo funcionamiento, la biblioteca cuenta con un reglamento el cual podr\u00e1 descargar en formato PDF. [Vincular con Documento Adjunto 1]<\/p>\n<!-- \/wp:paragraph -->\n\n<!-- wp:heading -->\n<h2 class=\"wp-block-heading\">Objetivos<\/h2>\n<!-- \/wp:heading -->\n\n<!-- wp:list {\"className\":\"listado_generico\"} -->\n<ul class=\"wp-block-list listado_generico\"><!-- wp:list-item -->\n<li>Proporcionar a todos los miembros de la UCM el acceso a la informaci\u00f3n cient\u00edfica y t\u00e9cnica a trav\u00e9s del desarrollo de un acervo documental impreso y digital actualizado que permita satisfacer las demandas de informaci\u00f3n contribuyendo as\u00ed al desarrollo educativo e investigativo de la Universidad.<\/li>\n<!-- \/wp:list-item -->\n\n<!-- wp:list-item -->\n<li>Fomentar en los usuarios el uso de los servicios digitales que permiten el acceso remoto de informaci\u00f3n cient\u00edfica y t\u00e9cnica.<\/li>\n<!-- \/wp:list-item -->\n\n<!-- wp:list-item -->\n<li>Almacenar, conservar, y difundir la producci\u00f3n intelectual de la UCM a trav\u00e9s del repositorio institucional.<\/li>\n<!-- \/wp:list-item -->\n\n<!-- wp:list-item -->\n<li>Establecer alianzas con bibliotecas afines con el fin de realizar proyectos cooperativos que beneficien los usuarios.<\/li>\n<!-- \/wp:list-item --><\/ul>\n<!-- \/wp:list -->\n\n<!-- wp:spacer {\"height\":\"20px\"} -->\n<div style=\"height:20px\" aria-hidden=\"true\" class=\"wp-block-spacer\"><\/div>\n<!-- \/wp:spacer -->\n\n<!-- wp:heading -->\n<h2 class=\"wp-block-heading\">Talento humano<\/h2>\n<!-- \/wp:heading -->\n\n<!-- wp:paragraph -->\n<p><strong>Profesional V\u00edctor Hugo Mar\u00edn Torres<\/strong><br>Coordinador Biblioteca<br>vmarin@ucm.edu.co<\/p>\n<!-- \/wp:paragraph -->\n\n<!-- wp:paragraph -->\n<p><strong>Profesional Mar\u00eda de los Angeles Pimienta Arias<\/strong><br>Psic\u00f3loga<br>mpimienta@ucm.edu.co<\/p>\n<!-- \/wp:paragraph -->\n\n<!-- wp:paragraph -->\n<p><strong>Nubiola Ballesteros Quintero<\/strong><br>Auxiliar procesos t\u00e9cnicos<br>nquintero@ucm.edu.co<\/p>\n<!-- \/wp:paragraph -->\n\n<!-- wp:paragraph -->\n<p><strong>Libia S\u00e1nchez<\/strong><br>Auxiliar Recepci\u00f3n<br>lisanchez@ucm.edu.co<\/p>\n<!-- \/wp:paragraph -->","_et_gb_content_width":"","footnotes":""},"class_list":["post-209787","page","type-page","status-publish","has-post-thumbnail","hentry"],"_links":{"self":[{"href":"https:\/\/ucm.edu.co\/biblioteca\/wp-json\/wp\/v2\/pages\/209787","targetHints":{"allow":["GET"]}}],"collection":[{"href":"https:\/\/ucm.edu.co\/biblioteca\/wp-json\/wp\/v2\/pages"}],"about":[{"href":"https:\/\/ucm.edu.co\/biblioteca\/wp-json\/wp\/v2\/types\/page"}],"author":[{"embeddable":true,"href":"https:\/\/ucm.edu.co\/biblioteca\/wp-json\/wp\/v2\/users\/2"}],"replies":[{"embeddable":true,"href":"https:\/\/ucm.edu.co\/biblioteca\/wp-json\/wp\/v2\/comments?post=209787"}],"version-history":[{"count":7,"href":"https:\/\/ucm.edu.co\/biblioteca\/wp-json\/wp\/v2\/pages\/209787\/revisions"}],"predecessor-version":[{"id":210000,"href":"https:\/\/ucm.edu.co\/biblioteca\/wp-json\/wp\/v2\/pages\/209787\/revisions\/210000"}],"wp:featuredmedia":[{"embeddable":true,"href":"https:\/\/ucm.edu.co\/biblioteca\/wp-json\/wp\/v2\/media\/209728"}],"wp:attachment":[{"href":"https:\/\/ucm.edu.co\/biblioteca\/wp-json\/wp\/v2\/media?parent=209787"}],"curies":[{"name":"wp","href":"https:\/\/api.w.org\/{rel}","templated":true}]}}