{"id":209790,"date":"2023-08-23T10:53:41","date_gmt":"2023-08-23T15:53:41","guid":{"rendered":"https:\/\/ucm.edu.co\/biblioteca\/?page_id=209790"},"modified":"2023-08-23T11:05:58","modified_gmt":"2023-08-23T16:05:58","slug":"servicios","status":"publish","type":"page","link":"https:\/\/ucm.edu.co\/biblioteca\/servicios\/","title":{"rendered":"Servicios"},"content":{"rendered":"\n<figure class=\"wp-block-image alignwide size-large\"><img loading=\"lazy\" decoding=\"async\" width=\"1024\" height=\"287\" src=\"https:\/\/ucm.edu.co\/biblioteca\/wp-content\/uploads\/2023\/08\/soy_conocimiento-1024x287.png\" alt=\"\" class=\"wp-image-209802\" srcset=\"https:\/\/ucm.edu.co\/biblioteca\/wp-content\/uploads\/2023\/08\/soy_conocimiento-1024x287.png 1024w, https:\/\/ucm.edu.co\/biblioteca\/wp-content\/uploads\/2023\/08\/soy_conocimiento-980x274.png 980w, https:\/\/ucm.edu.co\/biblioteca\/wp-content\/uploads\/2023\/08\/soy_conocimiento-480x134.png 480w\" sizes=\"(min-width: 0px) and (max-width: 480px) 480px, (min-width: 481px) and (max-width: 980px) 980px, (min-width: 981px) 1024px, 100vw\" \/><\/figure>\n\n\n\n<ul class=\"listado_generico wp-block-list\">\n<li>Consulta y lectura en sala. <\/li>\n\n\n\n<li>Circulaci\u00f3n y pr\u00e9stamo. <\/li>\n\n\n\n<li>Referencia (orientaci\u00f3n al usuario en b\u00fasqueda y localizaci\u00f3n de informaci\u00f3n). <\/li>\n\n\n\n<li>Fotocopias (normas de protecci\u00f3n de derechos de autor).<\/li>\n\n\n\n<li>Digitalizaci\u00f3n documentos<\/li>\n\n\n\n<li>Pr\u00e9stamo interbibliotecario.<\/li>\n\n\n\n<li>Alerta electr\u00f3nica de tablas de contenido de revistas.<\/li>\n\n\n\n<li>Consulta de software SIABUC 9.<\/li>\n\n\n\n<li>Elaboraci\u00f3n de bibliograf\u00edas especializadas del material existente en la biblioteca.<\/li>\n\n\n\n<li>Consulta de base de datos.<\/li>\n\n\n\n<li>Consulta y reserva en l\u00ednea <strong><a href=\"http:\/\/www.ucm.edu.co\" target=\"_blank\" rel=\"noreferrer noopener\">www.ucm.edu.co<\/a><\/strong><\/li>\n\n\n\n<li>Sala multimedia.<\/li>\n\n\n\n<li>Sala de estudio individual.<\/li>\n\n\n\n<li>Sala de tutor\u00edas.<\/li>\n\n\n\n<li>Difusi\u00f3n de \u00faltimas adquisiciones (listados y p\u00e1gina web).<\/li>\n\n\n\n<li>Inducci\u00f3n a estudiantes y profesores.<\/li>\n\n\n\n<li>Pr\u00e9stamo de auditorio (previa reserva por parte del profesor).<\/li>\n\n\n\n<li>Taller de capacitaci\u00f3n en b\u00fasqueda de informaci\u00f3n presencial y virtual.<\/li>\n\n\n\n<li>Difusi\u00f3n de la producci\u00f3n cient\u00edfica y acad\u00e9mica de la UCM a trav\u00e9s del Repositorio Institucional UCM.<\/li>\n\n\n\n<li>Asesor\u00eda y capacitaci\u00f3n en el uso de repositorio institucional.<\/li>\n\n\n\n<li>M\u00e1quina All Reader para discapacitados visuales.<\/li>\n\n\n\n<li>Actividades culturales como exposiciones, conversatorios, pel\u00edculas, lectura de libros de literatura.<\/li>\n\n\n\n<li>Club de lectura<\/li>\n<\/ul>\n","protected":false},"excerpt":{"rendered":"","protected":false},"author":2,"featured_media":0,"parent":0,"menu_order":8,"comment_status":"closed","ping_status":"closed","template":"","meta":{"_et_pb_use_builder":"off","_et_pb_old_content":"","_et_gb_content_width":"","footnotes":""},"class_list":["post-209790","page","type-page","status-publish","hentry"],"_links":{"self":[{"href":"https:\/\/ucm.edu.co\/biblioteca\/wp-json\/wp\/v2\/pages\/209790","targetHints":{"allow":["GET"]}}],"collection":[{"href":"https:\/\/ucm.edu.co\/biblioteca\/wp-json\/wp\/v2\/pages"}],"about":[{"href":"https:\/\/ucm.edu.co\/biblioteca\/wp-json\/wp\/v2\/types\/page"}],"author":[{"embeddable":true,"href":"https:\/\/ucm.edu.co\/biblioteca\/wp-json\/wp\/v2\/users\/2"}],"replies":[{"embeddable":true,"href":"https:\/\/ucm.edu.co\/biblioteca\/wp-json\/wp\/v2\/comments?post=209790"}],"version-history":[{"count":4,"href":"https:\/\/ucm.edu.co\/biblioteca\/wp-json\/wp\/v2\/pages\/209790\/revisions"}],"predecessor-version":[{"id":209803,"href":"https:\/\/ucm.edu.co\/biblioteca\/wp-json\/wp\/v2\/pages\/209790\/revisions\/209803"}],"wp:attachment":[{"href":"https:\/\/ucm.edu.co\/biblioteca\/wp-json\/wp\/v2\/media?parent=209790"}],"curies":[{"name":"wp","href":"https:\/\/api.w.org\/{rel}","templated":true}]}}