{"id":209793,"date":"2023-08-23T10:56:22","date_gmt":"2023-08-23T15:56:22","guid":{"rendered":"https:\/\/ucm.edu.co\/biblioteca\/?page_id=209793"},"modified":"2023-08-23T10:57:03","modified_gmt":"2023-08-23T15:57:03","slug":"consulta","status":"publish","type":"page","link":"https:\/\/ucm.edu.co\/biblioteca\/servicios\/consulta\/","title":{"rendered":"Consulta"},"content":{"rendered":"\n<p>Se dispone de amplias salas para la consulta y lectura del material bibliogr\u00e1fico. Las colecciones son de estanter\u00eda abierta, permiti\u00e9ndole al usuario encontrar la informaci\u00f3n m\u00e1s r\u00e1pidamente. Para encontrar la ubicaci\u00f3n del material en los estantes se deben utilizar los OPAC o cat\u00e1logos automatizados, que se encuentran distribuidos en las diferentes salas. El servicio de consulta puede ser utilizado por los usuarios pertenecientes a la UCM o por usuarios externos. Las colecciones est\u00e1n organizadas por tipo de material y por n\u00famero de clasificaci\u00f3n.<\/p>\n\n\n\n<p>Los libros en los estantes est\u00e1n ubicados por los n\u00fameros del Sistema de Clasificaci\u00f3n Decimal Dewey:<\/p>\n\n\n\n<p><\/p>\n\n\n\n<figure class=\"wp-block-table is-style-stripes tabla_generica\"><table><tbody><tr><th>N\u00famero de Clasificaci\u00f3n<\/th><th>\u00c1rea del Conocimiento<\/th><\/tr><tr><td>000<\/td><td>Obras generales<\/td><\/tr><tr><td>100<\/td><td>Filosof\u00eda y psicolog\u00eda<\/td><\/tr><tr><td>200<\/td><td>Religi\u00f3n<\/td><\/tr><tr><td>300<\/td><td>Ciencias Sociales<\/td><\/tr><tr><td>400<\/td><td>Lenguas<\/td><\/tr><tr><td>500<\/td><td>Ciencias Naturales y Matem\u00e1ticas<\/td><\/tr><tr><td>600<\/td><td>Tecnolog\u00eda (ciencias aplicadas)<\/td><\/tr><tr><td>700<\/td><td>Artes<\/td><\/tr><tr><td>800<\/td><td>Literatura y ret\u00f3rica<\/td><\/tr><tr><td>900<\/td><td>Georgraf\u00eda e historia<\/td><\/tr><\/tbody><\/table><\/figure>\n","protected":false},"excerpt":{"rendered":"<p>Se dispone de amplias salas para la consulta y lectura del material bibliogr\u00e1fico. Las colecciones son de estanter\u00eda abierta, permiti\u00e9ndole al usuario encontrar la informaci\u00f3n m\u00e1s r\u00e1pidamente. Para encontrar la [&hellip;]<\/p>\n","protected":false},"author":2,"featured_media":0,"parent":209790,"menu_order":4,"comment_status":"closed","ping_status":"closed","template":"","meta":{"_et_pb_use_builder":"off","_et_pb_old_content":"","_et_gb_content_width":"","footnotes":""},"class_list":["post-209793","page","type-page","status-publish","hentry"],"_links":{"self":[{"href":"https:\/\/ucm.edu.co\/biblioteca\/wp-json\/wp\/v2\/pages\/209793","targetHints":{"allow":["GET"]}}],"collection":[{"href":"https:\/\/ucm.edu.co\/biblioteca\/wp-json\/wp\/v2\/pages"}],"about":[{"href":"https:\/\/ucm.edu.co\/biblioteca\/wp-json\/wp\/v2\/types\/page"}],"author":[{"embeddable":true,"href":"https:\/\/ucm.edu.co\/biblioteca\/wp-json\/wp\/v2\/users\/2"}],"replies":[{"embeddable":true,"href":"https:\/\/ucm.edu.co\/biblioteca\/wp-json\/wp\/v2\/comments?post=209793"}],"version-history":[{"count":2,"href":"https:\/\/ucm.edu.co\/biblioteca\/wp-json\/wp\/v2\/pages\/209793\/revisions"}],"predecessor-version":[{"id":209795,"href":"https:\/\/ucm.edu.co\/biblioteca\/wp-json\/wp\/v2\/pages\/209793\/revisions\/209795"}],"up":[{"embeddable":true,"href":"https:\/\/ucm.edu.co\/biblioteca\/wp-json\/wp\/v2\/pages\/209790"}],"wp:attachment":[{"href":"https:\/\/ucm.edu.co\/biblioteca\/wp-json\/wp\/v2\/media?parent=209793"}],"curies":[{"name":"wp","href":"https:\/\/api.w.org\/{rel}","templated":true}]}}