{"id":209799,"date":"2023-08-23T11:03:28","date_gmt":"2023-08-23T16:03:28","guid":{"rendered":"https:\/\/ucm.edu.co\/biblioteca\/?page_id=209799"},"modified":"2023-08-23T11:04:16","modified_gmt":"2023-08-23T16:04:16","slug":"prestamo-externo","status":"publish","type":"page","link":"https:\/\/ucm.edu.co\/biblioteca\/servicios\/prestamo-externo\/","title":{"rendered":"Pr\u00e9stamo externo"},"content":{"rendered":"\n<p>El servicio de pr\u00e9stamo de material podr\u00e1 ser utilizado por todos los usuarios pertenecientes a la comunidad universitaria. El n\u00famero de obras y el tiempo de pr\u00e9stamo depende de la categor\u00eda del usuario:<\/p>\n\n\n\n<figure class=\"wp-block-table is-style-stripes tabla_ganerica\"><table><tbody><tr><th>Tipo de Usuarios<\/th><th>Tipo de Material<\/th><th>Cantidad<\/th><th>Plazo de Entrega<\/th><\/tr><tr><td rowspan=\"5\">Estudiantes Presenciales de Pregrado<\/td><td>Libros<\/td><td>4<\/td><td>8 d\u00edas<\/td><\/tr><tr><td>Revistas<\/td><td>3<\/td><td>8 d\u00edas<\/td><\/tr><tr><td>CD-Rom y DVD<\/td><td>3<\/td><td>8 d\u00edas<\/td><\/tr><tr><td>Tesis Impresa<\/td><td>1<\/td><td>2 d\u00edas<\/td><\/tr><tr><td>Colecci\u00f3n de Reserva<\/td><td>2<\/td><td>De 6:00 pm hasta las 9:00 am. del d\u00eda siguiente<\/td><\/tr><tr><td rowspan=\"2\">Estudiantes a Distancia de Pregrado y Posgrado<\/td><td>Libros<\/td><td>4<\/td><td>15 a 30 d\u00edas<\/td><\/tr><tr><td>Revistas<\/td><td>3<\/td><td>15 a 30 d\u00edas<\/td><\/tr><tr><td rowspan=\"3\">Maestr\u00edas<\/td><td>Libros<\/td><td>4<\/td><td>1 mes<\/td><\/tr><tr><td>Revistas<\/td><td>3<\/td><td>1 mes<\/td><\/tr><tr><td>Tesis<\/td><td>1<\/td><td>1 mes<\/td><\/tr><tr><td rowspan=\"2\">Docentes<\/td><td>Libros<\/td><td>10<\/td><td>15 d\u00edas<\/td><\/tr><tr><td>Revistas<\/td><td>5<\/td><td>15 d\u00edas<\/td><\/tr><tr><td rowspan=\"2\">Investigadores<\/td><td>Libros<\/td><td>10<\/td><td>15 d\u00edas o tiempo que dure la investigaci\u00f3n<\/td><\/tr><tr><td>Revistas<\/td><td>5<\/td><td>15<\/td><\/tr><tr><td>Administrativos<\/td><td>Libros<\/td><td>4<\/td><td>5 d\u00edas<\/td><\/tr><tr><td>Egresados<\/td><td>Libros<\/td><td>3<\/td><td>8 d\u00edas<\/td><\/tr><tr><td>LITERATURA (novelas, cuentos, poes\u00edas y teatro)<\/td><td>Libros<\/td><td>4<\/td><td>15 d\u00edas<\/td><\/tr><\/tbody><\/table><\/figure>\n\n\n\n<div style=\"height:20px\" aria-hidden=\"true\" class=\"wp-block-spacer\"><\/div>\n\n\n\n<ul class=\"listado_generico wp-block-list\">\n<li>La renovaci\u00f3n del pr\u00e9stamo debe hacerse el d\u00eda del vencimiento.<\/li>\n\n\n\n<li>Renovaci\u00f3n personal del material y\/o presentando el carn\u00e9 o telef\u00f3nicamente.<\/li>\n\n\n\n<li>Las renovaciones de pr\u00e9stamos podr\u00e1n hacerse peri\u00f3dicamente siempre y cuando no haya sido solicitado por otro usuario.<\/li>\n\n\n\n<li>S\u00f3lo se renovar\u00e1 por 3 veces consecutivas.<\/li>\n\n\n\n<li>Al retirar y devolver el material constatar que se encuentre en buen estado.<\/li>\n<\/ul>\n\n\n\n<p>Para realizar cualquier consulta sobre sus pr\u00e9stamos, cont\u00e1ctenos:<br>Llamando al tel\u00e9fono 8782900 Ext. 3503<br>Correo electr\u00f3nico:&nbsp;<a href=\"mailto:prestamosbiblioteca@ucm.edu.co\">prestamosbiblioteca@ucm.edu.co<\/a><\/p>\n","protected":false},"excerpt":{"rendered":"<p>El servicio de pr\u00e9stamo de material podr\u00e1 ser utilizado por todos los usuarios pertenecientes a la comunidad universitaria. El n\u00famero de obras y el tiempo de pr\u00e9stamo depende de la [&hellip;]<\/p>\n","protected":false},"author":2,"featured_media":0,"parent":209790,"menu_order":6,"comment_status":"closed","ping_status":"closed","template":"","meta":{"_et_pb_use_builder":"off","_et_pb_old_content":"","_et_gb_content_width":"","footnotes":""},"class_list":["post-209799","page","type-page","status-publish","hentry"],"_links":{"self":[{"href":"https:\/\/ucm.edu.co\/biblioteca\/wp-json\/wp\/v2\/pages\/209799","targetHints":{"allow":["GET"]}}],"collection":[{"href":"https:\/\/ucm.edu.co\/biblioteca\/wp-json\/wp\/v2\/pages"}],"about":[{"href":"https:\/\/ucm.edu.co\/biblioteca\/wp-json\/wp\/v2\/types\/page"}],"author":[{"embeddable":true,"href":"https:\/\/ucm.edu.co\/biblioteca\/wp-json\/wp\/v2\/users\/2"}],"replies":[{"embeddable":true,"href":"https:\/\/ucm.edu.co\/biblioteca\/wp-json\/wp\/v2\/comments?post=209799"}],"version-history":[{"count":2,"href":"https:\/\/ucm.edu.co\/biblioteca\/wp-json\/wp\/v2\/pages\/209799\/revisions"}],"predecessor-version":[{"id":209801,"href":"https:\/\/ucm.edu.co\/biblioteca\/wp-json\/wp\/v2\/pages\/209799\/revisions\/209801"}],"up":[{"embeddable":true,"href":"https:\/\/ucm.edu.co\/biblioteca\/wp-json\/wp\/v2\/pages\/209790"}],"wp:attachment":[{"href":"https:\/\/ucm.edu.co\/biblioteca\/wp-json\/wp\/v2\/media?parent=209799"}],"curies":[{"name":"wp","href":"https:\/\/api.w.org\/{rel}","templated":true}]}}