{"id":210868,"date":"2024-10-24T08:01:44","date_gmt":"2024-10-24T13:01:44","guid":{"rendered":"https:\/\/ucm.edu.co\/intranet\/?page_id=210868"},"modified":"2025-08-26T08:03:04","modified_gmt":"2025-08-26T13:03:04","slug":"nuevos-colaboradores-ucm","status":"publish","type":"page","link":"https:\/\/ucm.edu.co\/intranet\/nuevos-colaboradores-ucm\/","title":{"rendered":"Nuevos Colaboradores UCM"},"content":{"rendered":"\n<p>Nos llena de alegr\u00eda dar la bienvenida a 29 nuevos integrantes que se unen a nuestra Instituci\u00f3n, su talento, conocimientos y experiencias enriquecer\u00e1n nuestro proyecto fortaleciendo la excelencia y la pasi\u00f3n que nos une como comunidad.<\/p>\n\n\n\n<p>A continuaci\u00f3n te presentaremos su <em>nombre, cargo y dependencia.<\/em> <strong>\u00a1Con\u00f3celos!<\/strong><\/p>\n\n\n\n<div style=\"height:20px\" aria-hidden=\"true\" class=\"wp-block-spacer\"><\/div>\n\n\n\n<div class=\"wp-block-columns is-layout-flex wp-container-core-columns-is-layout-9d6595d7 wp-block-columns-is-layout-flex\">\n<div class=\"wp-block-column is-layout-flow wp-block-column-is-layout-flow\" style=\"flex-basis:100%\">\n<figure class=\"wp-block-table tabla_generica is-style-stripes\"><table><tbody><tr><th>Nombre<\/th><th>Cargo<\/th><th>Dependencia<\/th><\/tr><tr><td>Estefan\u00eda Rozo Rodr\u00edguez<\/td><td>Gestora Ambiental <\/td><td>Gesti\u00f3n Ambiental<\/td><\/tr><tr><td>Irene Loaiza Berm\u00fadez<\/td><td>Practicante<\/td><td>Gesti\u00f3n Ambiental<\/td><\/tr><tr><td>Juan Jos\u00e9 Castro Montoya<\/td><td>Practicante<\/td><td>Planta F\u00edsica<\/td><\/tr><tr><td>Gabriela Mar\u00edn Valencia<\/td><td>Practicante<\/td><td>Planta F\u00edsica<\/td><\/tr><tr><td>Juan Diego Giraldo Cardona<\/td><td>Aprendiz<\/td><td>Marca<\/td><\/tr><tr><td>Alexander Jaimes Betancur<\/td><td>Aprendiz<\/td><td>Marca<\/td><\/tr><tr><td>Nicol\u00e1s Medina Lamprea<\/td><td>Aux. de Laboratorio<\/td><td>Central Administrativo de Laboratorio, Equipos y Reactivos (Caler)<\/td><\/tr><tr><td>Jhon Anderson D\u00e1vila Cardona<\/td><td>Profesor Temporal<\/td><td>Confa formaci\u00f3n en ingl\u00e9s a estudiantes<\/td><\/tr><tr><td>Andrea Arcila Rojas<\/td><td>Profesora Temporal<\/td><td>Confa formaci\u00f3n en ingl\u00e9s a estudiantes<\/td><\/tr><tr><td>Mar\u00eda Alejandra Leal Acosta<\/td><td>Profesora Temporal<\/td><td>CILE PRA DOCENTS VIG2024-2025 MEN ICETEX<\/td><\/tr><tr><td>Nelly Johanna Garz\u00f3n Linares<\/td><td>Profesora Temporal<\/td><td>CILE PRA DOCENTS VIG2024-2025 MEN ICETEX<\/td><\/tr><tr><td>C\u00e9sar Daniel Avella Bol\u00edvar<\/td><td>Profesor Temporal<\/td><td>CILE PRA DOCENTS VIG2024-2025 MEN ICETEX<\/td><\/tr><tr><td>Lina Mar\u00eda Morales Casta\u00f1eda<\/td><td>Profesora Temporal<\/td><td>CILE PRA DOCENTS VIG2024-2025 MEN ICETEX<\/td><\/tr><tr><td>Sara Bedoya Llano<\/td><td>Profesora Temporal<\/td><td>CILE PRA DOCENTS VIG2024-2025 MEN ICETEX<\/td><\/tr><tr><td>Martha Estella Cuentas V.<\/td><td>Profesora Temporal<\/td><td>CILE PRA DOCENTS VIG2024-2025 MEN ICETEX<\/td><\/tr><tr><td>Lina Marcela Burbano C\u00f3rdoba<\/td><td>Profesora Temporal<\/td><td>CILE PRA DOCENTS VIG2024-2025 MEN ICETEX<\/td><\/tr><tr><td>Luis Alberto Gio Jara<\/td><td>Profesor Temporal<\/td><td>CILE PRA DOCENTS VIG2024-2025 MEN ICETEX<\/td><\/tr><tr><td>Willington Cardona Orozco<\/td><td>Profesor Temporal<\/td><td>CILE PRA DOCENTS VIG2024-2025 MEN ICETEX<\/td><\/tr><tr><td>Diana Cristina M\u00fanera \u00c1lvarez <\/td><td>Profesora Temporal<\/td><td>CILE PRA DOCENTS VIG2024-2025 MEN ICETEX<\/td><\/tr><tr><td>Karol Elizabeth Chagueza G.<\/td><td>Profesora Temporal<\/td><td>CILE PRA DOCENTS VIG2024-2025 MEN ICETEX<\/td><\/tr><tr><td>Luis Mario Fern\u00e1ndez<\/td><td>Profesor Temporal<\/td><td>CILE PRA DOCENTS VIG2024-2025 MEN ICETEX<\/td><\/tr><tr><td>Jos\u00e9 Manuel Monsalve T\u00e9llez <\/td><td>Profesor Temporal<\/td><td>CILE PRA DOCENTS VIG2024-2025 MEN ICETEX<\/td><\/tr><tr><td>Laura Andrea Charry Ospina<\/td><td>Profesora Temporal<\/td><td>CILE PRA DOCENTS VIG2024-2025 MEN ICETEX<\/td><\/tr><tr><td>Carlos Eduardo Mej\u00eda Ospina<\/td><td>Profesor Temporal<\/td><td>CILE PRA DOCENTS VIG2024-2025 MEN ICETEX<\/td><\/tr><tr><td>H\u00e9ctor Yohany Ochoa Mu\u00f1oz<\/td><td>Profesor <\/td><td>Docencia Nutrici\u00f3n y Diet\u00e9tica<\/td><\/tr><tr><td>Diana Carolina Ortiz Chalarca<\/td><td>Profesora<\/td><td>Docencia Doctorado en Educaci\u00f3n Manizales<\/td><\/tr><tr><td>Daniela Arroyave Casta\u00f1o<\/td><td>Profesora Temporal<\/td><td>T\u00e9cnico Fundaci\u00f3n Luker<\/td><\/tr><tr><td>Jorge Iv\u00e1n Ospina Yepes<\/td><td>Profesor Temporal<\/td><td>T\u00e9cnico Fundaci\u00f3n Luker <\/td><\/tr><tr><td>Diego Alberto Cardona G.<\/td><td>Profesional<\/td><td>Cultura<\/td><\/tr><tr><td>Natalia Agudelo Quitian<\/td><td>Coord. Pastoral<\/td><td>Pastoral<\/td><\/tr><\/tbody><\/table><\/figure>\n<\/div>\n<\/div>\n","protected":false},"excerpt":{"rendered":"<p>Nos llena de alegr\u00eda dar la bienvenida a 29 nuevos integrantes que se unen a nuestra Instituci\u00f3n, su talento, conocimientos y experiencias enriquecer\u00e1n nuestro proyecto fortaleciendo la excelencia y la [&hellip;]<\/p>\n","protected":false},"author":7,"featured_media":0,"parent":0,"menu_order":50,"comment_status":"closed","ping_status":"closed","template":"","meta":{"_et_pb_use_builder":"off","_et_pb_old_content":"","_et_gb_content_width":"","_monsterinsights_skip_tracking":false,"_monsterinsights_sitenote_active":false,"_monsterinsights_sitenote_note":"","_monsterinsights_sitenote_category":0,"footnotes":""},"class_list":["post-210868","page","type-page","status-publish","hentry"],"_links":{"self":[{"href":"https:\/\/ucm.edu.co\/intranet\/wp-json\/wp\/v2\/pages\/210868","targetHints":{"allow":["GET"]}}],"collection":[{"href":"https:\/\/ucm.edu.co\/intranet\/wp-json\/wp\/v2\/pages"}],"about":[{"href":"https:\/\/ucm.edu.co\/intranet\/wp-json\/wp\/v2\/types\/page"}],"author":[{"embeddable":true,"href":"https:\/\/ucm.edu.co\/intranet\/wp-json\/wp\/v2\/users\/7"}],"replies":[{"embeddable":true,"href":"https:\/\/ucm.edu.co\/intranet\/wp-json\/wp\/v2\/comments?post=210868"}],"version-history":[{"count":18,"href":"https:\/\/ucm.edu.co\/intranet\/wp-json\/wp\/v2\/pages\/210868\/revisions"}],"predecessor-version":[{"id":220135,"href":"https:\/\/ucm.edu.co\/intranet\/wp-json\/wp\/v2\/pages\/210868\/revisions\/220135"}],"wp:attachment":[{"href":"https:\/\/ucm.edu.co\/intranet\/wp-json\/wp\/v2\/media?parent=210868"}],"curies":[{"name":"wp","href":"https:\/\/api.w.org\/{rel}","templated":true}]}}