{"id":213980,"date":"2021-03-04T10:51:00","date_gmt":"2021-03-04T15:51:00","guid":{"rendered":"https:\/\/www.ucm.edu.co\/?page_id=185009"},"modified":"2026-02-17T08:21:27","modified_gmt":"2026-02-17T13:21:27","slug":"ucm-saludable","status":"publish","type":"page","link":"https:\/\/ucm.edu.co\/intranet\/bienestar\/ucm-saludable\/","title":{"rendered":"UCM Saludable"},"content":{"rendered":"\n<div class=\"wp-block-columns is-layout-flex wp-container-core-columns-is-layout-9d6595d7 wp-block-columns-is-layout-flex\">\n<div class=\"wp-block-column is-layout-flow wp-block-column-is-layout-flow\">\n<figure class=\"wp-block-embed is-type-video is-provider-youtube wp-block-embed-youtube wp-embed-aspect-16-9 wp-has-aspect-ratio\"><div class=\"wp-block-embed__wrapper\">\n<iframe loading=\"lazy\" title=\"UCM Saludable\" width=\"1080\" height=\"608\" src=\"https:\/\/www.youtube.com\/embed\/iMVsyDhJUHA?feature=oembed\"  allow=\"accelerometer; autoplay; clipboard-write; encrypted-media; gyroscope; picture-in-picture; web-share\" referrerpolicy=\"strict-origin-when-cross-origin\" allowfullscreen><\/iframe>\n<\/div><\/figure>\n<\/div>\n\n\n\n<div class=\"wp-block-column is-vertically-aligned-center is-layout-flow wp-block-column-is-layout-flow\">\n<p>UCM Saludable es un espacio pensado para cuidar integralmente de la comunidad universitaria. A trav\u00e9s de servicios m\u00e9dicos, atenci\u00f3n psicol\u00f3gica, talleres y programas de prevenci\u00f3n, buscamos acompa\u00f1ar a estudiantes, colaboradores y graduados en la construcci\u00f3n de h\u00e1bitos que fortalezcan su bienestar f\u00edsico, emocional y social. Aqu\u00ed encontrar\u00e1s apoyo cercano y humano para que vivas tu experiencia universitaria con salud y equilibrio.<\/p>\n<\/div>\n<\/div>\n\n\n\n<div style=\"height:15px\" aria-hidden=\"true\" class=\"wp-block-spacer\"><\/div>\n\n\n\n<h2 class=\"wp-block-heading\" id=\"servicios-que-se-ofrecen\">Servicios que se ofrecen<\/h2>\n\n\n\n<ul class=\"wp-block-list listado_generico\">\n<li>Consulta de psicolog\u00eda<\/li>\n\n\n\n<li>Consulta de medicina general<\/li>\n\n\n\n<li>Actividades educativas para la promoci\u00f3n de la salud y prevenci\u00f3n de la enfermedad<\/li>\n\n\n\n<li>Jornadas de promoci\u00f3n de la salud<\/li>\n\n\n\n<li>Tamizaje de c\u00e1ncer de cuello uterino<\/li>\n\n\n\n<li>Procedimientos de enfermer\u00eda<\/li>\n\n\n\n<li>Talleres educativos<\/li>\n\n\n\n<li>Entrevistas de admisi\u00f3n y pruebas psicot\u00e9cnicas<\/li>\n<\/ul>\n\n\n\n<div style=\"height:10px\" aria-hidden=\"true\" class=\"wp-block-spacer\"><\/div>\n\n\n\n<div class=\"wp-block-pb-accordion-item c-accordion__item js-accordion-item no-js\" data-initially-open=\"false\" data-click-to-close=\"true\" data-auto-close=\"true\" data-scroll=\"false\" data-scroll-offset=\"0\" id=\"violencia-genero\"><h2 id=\"at-1850090\" class=\"c-accordion__title js-accordion-controller\" role=\"button\">UCM libre de violencia de g\u00e9nero<\/h2><div id=\"ac-1850090\" class=\"c-accordion__content\">\n<figure class=\"wp-block-image size-large\"><a href=\"https:\/\/www.ucm.edu.co\/ruta-de-violencia-de-genero\/\" target=\"_blank\" rel=\"noreferrer noopener\"><img decoding=\"async\" src=\"https:\/\/ucm.edu.co\/intranet\/wp-content\/uploads\/2024\/11\/violencia_genero_banner-1024x274-1.jpg\" alt=\"\" class=\"wp-image-207422\" \/><\/a><\/figure>\n\n\n\n<p>La UCM cuenta con un equipo interdisciplinar para brindarte una atenci\u00f3n integral y oportuna en:<\/p>\n\n\n\n<ul class=\"wp-block-list listado_generico\">\n<li>Asesor\u00eda m\u00e9dica<\/li>\n\n\n\n<li>Enfermer\u00eda Psicolog\u00eda<\/li>\n\n\n\n<li>Orientaci\u00f3n social y personal<\/li>\n\n\n\n<li>Asesor\u00eda jur\u00eddica<\/li>\n<\/ul>\n\n\n\n<p><em>Si est\u00e1s pasando por una situaci\u00f3n de violencia, estamos para ti.<\/em><\/p>\n\n\n\n<div style=\"height:20px\" aria-hidden=\"true\" class=\"wp-block-spacer\"><\/div>\n\n\n\n<div class=\"wp-block-buttons is-content-justification-center is-layout-flex wp-container-core-buttons-is-layout-16018d1d wp-block-buttons-is-layout-flex\"><\/div>\n<\/div><\/div>\n\n\n\n<div style=\"height:5px\" aria-hidden=\"true\" class=\"wp-block-spacer\"><\/div>\n\n\n\n<div class=\"wp-block-pb-accordion-item c-accordion__item js-accordion-item no-js\" data-initially-open=\"false\" data-click-to-close=\"true\" data-auto-close=\"true\" data-scroll=\"false\" data-scroll-offset=\"0\" id=\"psicologia\"><h2 id=\"at-1850091\" class=\"c-accordion__title js-accordion-controller\" role=\"button\">Psicolog\u00eda<\/h2><div id=\"ac-1850091\" class=\"c-accordion__content\">\n<p>Acompa\u00f1a a los integrantes de la comunidad universitari,a a trav\u00e9s de procesos terap\u00e9uticos y psicoeducativos, con el fin de contribuir a la salud mental y al crecimiento integral del ser humano.<\/p>\n\n\n\n<p><strong>Objetivo<\/strong><br>Brindar a los estudiantes y a la comunidad universitaria asesor\u00eda psicol\u00f3gica individual y grupal, a trav\u00e9s de t\u00e9cnicas psicoterap\u00e9uticas que faciliten potenciar el \u201cSer\u201d en la cotidianidad social \u2013 profesional y en la construcci\u00f3n del proyecto de vida.<\/p>\n\n\n\n<p><strong>Servicios<\/strong><\/p>\n\n\n\n<ul class=\"wp-block-list listado_generico\">\n<li><strong>Atenci\u00f3n psicol\u00f3gica y psicopedag\u00f3gica a los integrantes de la comunidad universitaria<\/strong><br>La consulta psicol\u00f3gica y psicopedag\u00f3gica tiene como prop\u00f3sito, promover, apoyar y acompa\u00f1ar los procesos en salud mental de la comunidad universitaria, con el fin de contribuir al crecimiento integral de todos, brindar psicoeducaci\u00f3n y asesor\u00eda en m\u00e9todos de estudio.<\/li>\n\n\n\n<li><strong>Entrevistas de admisi\u00f3n, reingreso y movilidad acad\u00e9mica<\/strong><br>Tienen como objetivo brindar apoyo a la gesti\u00f3n de los programas acad\u00e9micos en la conformaci\u00f3n de los grupos de primer semestre, reingreso de estudiantes a la vida universitaria UCM. Proceso que se acompa\u00f1a con la identificaci\u00f3n de intereses vocacionales-profesionales y las motivaciones reingreso, con un abordaje integral del ser humano. &nbsp;Al igual que la realizaci\u00f3n de valoraci\u00f3n psicol\u00f3gica a los aspirantes a movilidad acad\u00e9mica nacional e internacional.<\/li>\n\n\n\n<li><strong>Talleres formativos y de acompa\u00f1amiento psicopedag\u00f3gico<\/strong><br>Espacios ofrecidos para contribuir al desarrollo integral de la comunidad universitaria que propician una cultura del \u201cbien pensar\u201d, el \u201cbien sentir\u201d y el \u201cbien actuar\u201d. Incluyen temas de autoconocimiento, fortalecimiento de proyecto de vida, manejo de estr\u00e9s y prevenci\u00f3n en consumo de alcohol y SPA, integraci\u00f3n y estrategias para el mejoramiento del desempe\u00f1o acad\u00e9mico en los diferentes cortes evaluativos que aporten tanto a profesores como a estudiantes en su formaci\u00f3n integral.<\/li>\n\n\n\n<li><strong>Apoyo a los procesos formativos con la aplicaci\u00f3n de pruebas psicol\u00f3gicas<\/strong><br>Tiene como objetivo, evaluar las competencias de los estudiantes y colaboradores en diferentes procesos para indagar los intereses, capacidades, habilidades, aptitudes, conocimientos y motivaciones con el fin de realizar una correlaci\u00f3n ajustada a los perfiles institucionales seg\u00fan los requerimientos y necesidades.<\/li>\n\n\n\n<li><strong>Talleres de inducci\u00f3n para los estudiantes admitidos y para inducci\u00f3n a la vida laboral<\/strong><br>Proceso que apoya el inicio y la culminaci\u00f3n de la vida universitaria teniendo en cuenta las necesidades espec\u00edficas de los j\u00f3venes que ingresan a la educaci\u00f3n superior y las exigencias del mercado laboral. Estrategias tanto para la de acogida y apropiaci\u00f3n de la filosof\u00eda institucional, acercamiento al carisma congregacional, como para el reconocimiento y la apropiaci\u00f3n de las competencias desarrolladas a lo largo de la vida universitaria.<\/li>\n\n\n\n<li><strong>Campa\u00f1as y talleres de prevenci\u00f3n en salud mental y desarrollo integral para la comunicad educativa<\/strong><br>Sensibilizar a la comunidad universitaria en promoci\u00f3n y prevenci\u00f3n de la salud mental, con el objetivo de disminuir los factores de riesgos y afianzar pr\u00e1cticas de autocuidado que aporten al bienestar y calidad de vida.<\/li>\n\n\n\n<li><strong>Participaci\u00f3n en redes interinstitucionales<\/strong><br>Estrategia de representatividad de la UCM en diferentes comit\u00e9s a nivel institucional, municipal y departamental para el desarrollo de estrategias de intervenci\u00f3n en la promoci\u00f3n, prevenci\u00f3n y preservaci\u00f3n de la salud mental de la comunidad universitaria con base en factores de vulnerabilidad que se cristalizan en Campa\u00f1as permanentes de difusi\u00f3n y fortalecimiento de los factores protectores de la vida como valor institucional.<\/li>\n<\/ul>\n\n\n\n<p><strong>Contacto<\/strong><br>Auxiliar de Enfermer\u00eda Servicio M\u00e9dico:&nbsp;&nbsp;8933050 \u2013 Ext. 2431-2432<br>Celular:&nbsp; 3225922424<\/p>\n<\/div><\/div>\n\n\n\n<div style=\"height:5px\" aria-hidden=\"true\" class=\"wp-block-spacer\"><\/div>\n\n\n\n<p><\/p>\n\n\n\n<div class=\"wp-block-pb-accordion-item c-accordion__item js-accordion-item no-js\" data-initially-open=\"false\" data-click-to-close=\"true\" data-auto-close=\"true\" data-scroll=\"false\" data-scroll-offset=\"0\" id=\"primeros-auxilios-psicologicos\"><h3 id=\"at-1850092\" class=\"c-accordion__title js-accordion-controller\" role=\"button\">Primeros Auxilios Psicol\u00f3gicos<\/h3><div id=\"ac-1850092\" class=\"c-accordion__content\"><div class=\"_df_book df-lite\" id=\"229652\"  data-title=\"\" wpoptions=\"true\" thumbtype=\"\" ><\/div>\n\n\n\n<div style=\"height:150px\" aria-hidden=\"true\" class=\"wp-block-spacer\"><\/div>\n<\/div><\/div>\n\n\n\n<div style=\"height:5px\" aria-hidden=\"true\" class=\"wp-block-spacer\"><\/div>\n\n\n\n<div class=\"wp-block-pb-accordion-item c-accordion__item js-accordion-item no-js\" data-initially-open=\"false\" data-click-to-close=\"true\" data-auto-close=\"true\" data-scroll=\"false\" data-scroll-offset=\"0\"><h4 id=\"at-1850093\" class=\"c-accordion__title js-accordion-controller\" role=\"button\"><em>Ruta SPA &#8211; Sustancias Psicoactivas<\/em><\/h4><div id=\"ac-1850093\" class=\"c-accordion__content\">\n<figure class=\"wp-block-image size-large\"><a href=\"https:\/\/www.ucm.edu.co\/ruta-spa\/\" target=\"_blank\" rel=\"noreferrer noopener\"><img decoding=\"async\" src=\"https:\/\/ucm.edu.co\/intranet\/wp-content\/uploads\/2024\/11\/ruta-spa-1024x576-1.png\" alt=\"\" class=\"wp-image-214112\" \/><\/a><\/figure>\n\n\n\n<p><\/p>\n<\/div><\/div>\n\n\n\n<div style=\"height:5px\" aria-hidden=\"true\" class=\"wp-block-spacer\"><\/div>\n\n\n\n<div class=\"wp-block-pb-accordion-item c-accordion__item js-accordion-item no-js\" data-initially-open=\"false\" data-click-to-close=\"true\" data-auto-close=\"true\" data-scroll=\"false\" data-scroll-offset=\"0\"><h4 id=\"at-1850094\" class=\"c-accordion__title js-accordion-controller\" role=\"button\"><em>Ruta Portabilidad<\/em><\/h4><div id=\"ac-1850094\" class=\"c-accordion__content\">\n<figure class=\"wp-block-image size-large\"><a href=\"https:\/\/www.ucm.edu.co\/ruta-portabilidad\/\" target=\"_blank\" rel=\"noopener\"><img decoding=\"async\" src=\"https:\/\/ucm.edu.co\/intranet\/wp-content\/uploads\/2024\/11\/logo_ruta_portabilidad.png\" alt=\"\" class=\"wp-image-187824\" \/><\/a><\/figure>\n\n\n\n<p><\/p>\n<\/div><\/div>\n\n\n\n<div style=\"height:5px\" aria-hidden=\"true\" class=\"wp-block-spacer\"><\/div>\n\n\n\n<div class=\"wp-block-pb-accordion-item c-accordion__item js-accordion-item no-js\" data-initially-open=\"false\" data-click-to-close=\"true\" data-auto-close=\"true\" data-scroll=\"false\" data-scroll-offset=\"0\" id=\"intento-suicida\"><h4 id=\"at-1850095\" class=\"c-accordion__title js-accordion-controller\" role=\"button\"><em>Ruta ante intento suicida<\/em><\/h4><div id=\"ac-1850095\" class=\"c-accordion__content\">\n<figure class=\"wp-block-image size-large contenido_oculto\"><a href=\"https:\/\/www.ucm.edu.co\/ruta-ante-intento-suicida\/\" target=\"_blank\" rel=\"noopener\"><img decoding=\"async\" src=\"https:\/\/ucm.edu.co\/intranet\/wp-content\/uploads\/2024\/11\/ruta_ante_intento_suicida.jpg\" alt=\"\" class=\"wp-image-187846\" \/><\/a><\/figure>\n\n\n\n<figure class=\"wp-block-image alignfull size-full\"><img decoding=\"async\" src=\"https:\/\/ucm.edu.co\/intranet\/wp-content\/uploads\/2025\/09\/ruta-prevencion-suicidio.jpg\" alt=\"\" class=\"wp-image-227476\" \/><\/figure>\n<\/div><\/div>\n\n\n\n<div style=\"height:5px\" aria-hidden=\"true\" class=\"wp-block-spacer\"><\/div>\n\n\n\n<div class=\"wp-block-pb-accordion-item c-accordion__item js-accordion-item no-js\" data-initially-open=\"false\" data-click-to-close=\"true\" data-auto-close=\"true\" data-scroll=\"false\" data-scroll-offset=\"0\" id=\"suicidio-consumado\"><h4 id=\"at-1850096\" class=\"c-accordion__title js-accordion-controller\" role=\"button\"><em>Ruta ante suicidio consumado<\/em><\/h4><div id=\"ac-1850096\" class=\"c-accordion__content\">\n<figure class=\"wp-block-image size-large contenido_oculto\"><a href=\"https:\/\/www.ucm.edu.co\/ruta-ante-suicidio-consumado\/\" target=\"_blank\" rel=\"noopener\"><img decoding=\"async\" src=\"https:\/\/ucm.edu.co\/intranet\/wp-content\/uploads\/2024\/11\/logo_suicidio_consumado.png\" alt=\"\" class=\"wp-image-187851\" \/><\/a><\/figure>\n\n\n\n<figure class=\"wp-block-image alignfull size-full\"><img decoding=\"async\" src=\"https:\/\/ucm.edu.co\/intranet\/wp-content\/uploads\/2025\/09\/ruta-suicidio-consumado.jpg\" alt=\"\" class=\"wp-image-227479\" \/><\/figure>\n<\/div><\/div>\n\n\n\n<div style=\"height:5px\" aria-hidden=\"true\" class=\"wp-block-spacer\"><\/div>\n\n\n\n<div class=\"wp-block-pb-accordion-item c-accordion__item js-accordion-item no-js\" data-initially-open=\"false\" data-click-to-close=\"true\" data-auto-close=\"true\" data-scroll=\"false\" data-scroll-offset=\"0\"><h2 id=\"at-1850097\" class=\"c-accordion__title js-accordion-controller\" role=\"button\">Para usar nuestro servicio<\/h2><div id=\"ac-1850097\" class=\"c-accordion__content\">\n<figure class=\"wp-block-gallery has-nested-images columns-2 is-cropped wp-block-gallery-1 is-layout-flex wp-block-gallery-is-layout-flex\">\n<figure class=\"wp-block-image size-large\"><img decoding=\"async\" data-id=\"187800\" src=\"https:\/\/ucm.edu.co\/intranet\/wp-content\/uploads\/2024\/11\/servicio_ucmsaludable_1.jpg\" alt=\"\" class=\"wp-image-187800\" \/><\/figure>\n\n\n\n<figure class=\"wp-block-image size-large\"><img decoding=\"async\" data-id=\"187801\" src=\"https:\/\/ucm.edu.co\/intranet\/wp-content\/uploads\/2024\/11\/servicio_ucmsaludable_2.jpg\" alt=\"\" class=\"wp-image-187801\" \/><\/figure>\n\n\n\n<figure class=\"wp-block-image size-large\"><img decoding=\"async\" data-id=\"187802\" src=\"https:\/\/ucm.edu.co\/intranet\/wp-content\/uploads\/2024\/11\/servicio_ucmsaludable_3.jpg\" alt=\"\" class=\"wp-image-187802\" \/><\/figure>\n\n\n\n<figure class=\"wp-block-image size-large\"><img decoding=\"async\" data-id=\"187803\" src=\"https:\/\/ucm.edu.co\/intranet\/wp-content\/uploads\/2024\/11\/servicio_ucmsaludable_4.jpg\" alt=\"\" class=\"wp-image-187803\" \/><\/figure>\n\n\n\n<figure class=\"wp-block-image size-large\"><img decoding=\"async\" data-id=\"187804\" src=\"https:\/\/ucm.edu.co\/intranet\/wp-content\/uploads\/2024\/11\/servicio_ucmsaludable_5.jpg\" alt=\"\" class=\"wp-image-187804\" \/><\/figure>\n\n\n\n<figure class=\"wp-block-image size-large\"><img decoding=\"async\" data-id=\"187805\" src=\"https:\/\/ucm.edu.co\/intranet\/wp-content\/uploads\/2024\/11\/servicio_ucmsaludable_6.jpg\" alt=\"\" class=\"wp-image-187805\" \/><\/figure>\n<\/figure>\n<\/div><\/div>\n\n\n\n<div style=\"height:5px\" aria-hidden=\"true\" class=\"wp-block-spacer\"><\/div>\n\n\n\n<div class=\"wp-block-pb-accordion-item c-accordion__item js-accordion-item no-js contenido_oculto\" data-initially-open=\"false\" data-click-to-close=\"true\" data-auto-close=\"true\" data-scroll=\"false\" data-scroll-offset=\"0\"><h2 id=\"at-1850098\" class=\"c-accordion__title js-accordion-controller\" role=\"button\">Tarifas Servicio M\u00e9dico<\/h2><div id=\"ac-1850098\" class=\"c-accordion__content\">\n<figure class=\"wp-block-table is-style-stripes tabla_generica\"><table><tbody><tr><td class=\"has-text-align-center\" data-align=\"center\"><strong>Estudiantes<\/strong><\/td><td class=\"has-text-align-center\" data-align=\"center\"><strong>Tarifas<\/strong><\/td><\/tr><tr><td class=\"has-text-align-center\" data-align=\"center\">Consulta<\/td><td class=\"has-text-align-center\" data-align=\"center\">2.000<\/td><\/tr><tr><td class=\"has-text-align-center\" data-align=\"center\">Citolog\u00eda<\/td><td class=\"has-text-align-center\" data-align=\"center\">25.000<\/td><\/tr><tr><td class=\"has-text-align-center\" data-align=\"center\">Campa\u00f1a de citolog\u00eda<\/td><td class=\"has-text-align-center\" data-align=\"center\">10.000<\/td><\/tr><tr><td class=\"has-text-align-center\" data-align=\"center\"><strong>Colaboradores<\/strong><\/td><td class=\"has-text-align-center\" data-align=\"center\"><\/td><\/tr><tr><td class=\"has-text-align-center\" data-align=\"center\">Consulta<\/td><td class=\"has-text-align-center\" data-align=\"center\">5.000<\/td><\/tr><tr><td class=\"has-text-align-center\" data-align=\"center\">Citolog\u00eda<\/td><td class=\"has-text-align-center\" data-align=\"center\">30.000<\/td><\/tr><tr><td class=\"has-text-align-center\" data-align=\"center\">Campa\u00f1a de citolog\u00eda<\/td><td class=\"has-text-align-center\" data-align=\"center\">15.000<\/td><\/tr><tr><td class=\"has-text-align-center\" data-align=\"center\"><strong>Familiares<\/strong><\/td><td class=\"has-text-align-center\" data-align=\"center\"><\/td><\/tr><tr><td class=\"has-text-align-center\" data-align=\"center\">Consulta<\/td><td class=\"has-text-align-center\" data-align=\"center\">10.000<\/td><\/tr><tr><td class=\"has-text-align-center\" data-align=\"center\">Citolog\u00eda<\/td><td class=\"has-text-align-center\" data-align=\"center\">35.000<\/td><\/tr><tr><td class=\"has-text-align-center\" data-align=\"center\">Campa\u00f1a de citolog\u00eda<\/td><td class=\"has-text-align-center\" data-align=\"center\">20.000<\/td><\/tr><tr><td class=\"has-text-align-center\" data-align=\"center\"><strong>Graduados<\/strong><\/td><td class=\"has-text-align-center\" data-align=\"center\"><\/td><\/tr><tr><td class=\"has-text-align-center\" data-align=\"center\">Consulta<\/td><td class=\"has-text-align-center\" data-align=\"center\">18.500<\/td><\/tr><tr><td class=\"has-text-align-center\" data-align=\"center\">Citolog\u00eda<\/td><td class=\"has-text-align-center\" data-align=\"center\">31.500<\/td><\/tr><tr><td class=\"has-text-align-center\" data-align=\"center\">Campa\u00f1a de citolog\u00eda<\/td><td class=\"has-text-align-center\" data-align=\"center\">20.000<\/td><\/tr><\/tbody><\/table><\/figure>\n<\/div><\/div>\n\n\n\n<div style=\"height:20px\" aria-hidden=\"true\" class=\"wp-block-spacer\"><\/div>\n\n\n\n<h2 class=\"wp-block-heading\" id=\"informacion-de-interes\">Informaci\u00f3n de inter\u00e9s<\/h2>\n\n\n\n<ul class=\"wp-block-list\">\n<li><a href=\"https:\/\/www.ucm.edu.co\/wp-content\/uploads\/2021\/09\/reaccionar_en_crisis.mp4\" target=\"_blank\" rel=\"noreferrer noopener\">Como reaccionar en caso de Crisis<\/a><\/li>\n\n\n\n<li><a href=\"https:\/\/www.ucm.edu.co\/wp-content\/uploads\/2021\/03\/cancer_piel.png\" target=\"_blank\" rel=\"noreferrer noopener\">Prevenci\u00f3n de c\u00e1ncer en la piel<\/a><\/li>\n\n\n\n<li><a href=\"https:\/\/www.ucm.edu.co\/wp-content\/uploads\/2021\/03\/sexualidad_responsable.png\" target=\"_blank\" rel=\"noreferrer noopener\">Sexualidad responsable<\/a><\/li>\n\n\n\n<li><a href=\"https:\/\/www.ucm.edu.co\/wp-content\/uploads\/2021\/03\/infografia_adiccion_redes.png\" target=\"_blank\" rel=\"noreferrer noopener\">Descubre si sufres de adicci\u00f3n a las redes sociales<\/a><\/li>\n\n\n\n<li><a href=\"https:\/\/www.ucm.edu.co\/wp-content\/uploads\/2021\/03\/ojos_infografia.jpg\" target=\"_blank\" rel=\"noreferrer noopener\">Cuidado de los ojos<\/a><\/li>\n\n\n\n<li>Pol\u00edtica Institucional de Humanizaci\u00f3n de los Servicios de Salud de la Universidad Cat\u00f3lica de Manizales. Acuerdo No. 059 de 30 de noviembre de 2021.&nbsp;<a href=\"https:\/\/www.ucm.edu.co\/wp-content\/uploads\/2022\/06\/059_Politica_de_Humanizacion.pdf\" target=\"_blank\" rel=\"noreferrer noopener\">Ver Acuerdo<\/a><\/li>\n<\/ul>\n\n\n\n<div class=\"wp-block-columns is-layout-flex wp-container-core-columns-is-layout-9d6595d7 wp-block-columns-is-layout-flex\">\n<div class=\"wp-block-column is-layout-flow wp-block-column-is-layout-flow\">\n<h2 class=\"wp-block-heading\" id=\"tienes-alguna-queda-reclamo-sugerencia-o-felicitacion\">\u00bfTienes alguna queda, reclamo, sugerencia o felicitaci\u00f3n? <\/h2>\n\n\n\n<div style=\"height:15px\" aria-hidden=\"true\" class=\"wp-block-spacer\"><\/div>\n\n\n\n<div class=\"wp-block-buttons is-layout-flex wp-block-buttons-is-layout-flex\">\n<div class=\"wp-block-button .texto_grande\"><a class=\"wp-block-button__link has-white-color has-text-color has-background no-border-radius wp-element-button\" href=\"mailto:dmramirez@ucm.edu.co\" style=\"background-color:#f1573d\" target=\"_blank\" rel=\"noreferrer noopener\"><strong>Diligencia aqu\u00ed el formulario&gt;<\/strong><\/a><\/div>\n<\/div>\n<\/div>\n\n\n\n<div class=\"wp-block-column is-layout-flow wp-block-column-is-layout-flow\">\n<h2 class=\"wp-block-heading\" id=\"cuentanos-tu-nivel-de-satisfaccion-con-los-servicios-de-salud\">Cu\u00e9ntanos tu nivel de satisfacci\u00f3n con los servicios de salud: <\/h2>\n\n\n\n<div style=\"height:15px\" aria-hidden=\"true\" class=\"wp-block-spacer\"><\/div>\n\n\n\n<div class=\"wp-block-buttons is-layout-flex wp-block-buttons-is-layout-flex\">\n<div class=\"wp-block-button .texto_grande\"><a class=\"wp-block-button__link has-white-color has-text-color has-background no-border-radius wp-element-button\" href=\"https:\/\/apps.ucm.edu.co\/encuestas_ext\/1.0\/aplicacion.php?ah=st6151e83143cbb7.90808776&amp;ai=encuestas_ext%7C%7C7292&amp;tcm=popup&amp;cue_id=3&amp;usuario=30235850&amp;perfil=administrativo&amp;evt=seleccion&amp;fila=4&amp;tm=1\" style=\"background-color:#f1573d\" target=\"_blank\" rel=\"noreferrer noopener\"><strong>Diligencia aqu\u00ed el formulario&gt;<\/strong><\/a><\/div>\n<\/div>\n<\/div>\n<\/div>\n","protected":false},"excerpt":{"rendered":"<p>UCM Saludable es un espacio pensado para cuidar integralmente de la comunidad universitaria. A trav\u00e9s de servicios m\u00e9dicos, atenci\u00f3n psicol\u00f3gica, talleres y programas de prevenci\u00f3n, buscamos acompa\u00f1ar a estudiantes, colaboradores [&hellip;]<\/p>\n","protected":false},"author":2,"featured_media":0,"parent":209049,"menu_order":313,"comment_status":"closed","ping_status":"closed","template":"","meta":{"_et_pb_use_builder":"off","_et_pb_old_content":"","_et_gb_content_width":"","_monsterinsights_skip_tracking":false,"_monsterinsights_sitenote_active":false,"_monsterinsights_sitenote_note":"","_monsterinsights_sitenote_category":0,"footnotes":""},"class_list":["post-213980","page","type-page","status-publish","hentry"],"_links":{"self":[{"href":"https:\/\/ucm.edu.co\/intranet\/wp-json\/wp\/v2\/pages\/213980","targetHints":{"allow":["GET"]}}],"collection":[{"href":"https:\/\/ucm.edu.co\/intranet\/wp-json\/wp\/v2\/pages"}],"about":[{"href":"https:\/\/ucm.edu.co\/intranet\/wp-json\/wp\/v2\/types\/page"}],"author":[{"embeddable":true,"href":"https:\/\/ucm.edu.co\/intranet\/wp-json\/wp\/v2\/users\/2"}],"replies":[{"embeddable":true,"href":"https:\/\/ucm.edu.co\/intranet\/wp-json\/wp\/v2\/comments?post=213980"}],"version-history":[{"count":33,"href":"https:\/\/ucm.edu.co\/intranet\/wp-json\/wp\/v2\/pages\/213980\/revisions"}],"predecessor-version":[{"id":222810,"href":"https:\/\/ucm.edu.co\/intranet\/wp-json\/wp\/v2\/pages\/213980\/revisions\/222810"}],"up":[{"embeddable":true,"href":"https:\/\/ucm.edu.co\/intranet\/wp-json\/wp\/v2\/pages\/209049"}],"wp:attachment":[{"href":"https:\/\/ucm.edu.co\/intranet\/wp-json\/wp\/v2\/media?parent=213980"}],"curies":[{"name":"wp","href":"https:\/\/api.w.org\/{rel}","templated":true}]}}