{"id":220555,"date":"2025-09-10T11:01:42","date_gmt":"2025-09-10T16:01:42","guid":{"rendered":"https:\/\/www.ucm.edu.co\/?page_id=227715"},"modified":"2025-09-12T11:56:35","modified_gmt":"2025-09-12T16:56:35","slug":"ucm-libre-de-violencias","status":"publish","type":"page","link":"https:\/\/ucm.edu.co\/intranet\/bienestar\/ucm-libre-de-violencias\/","title":{"rendered":"UCM Libre de violencias"},"content":{"rendered":"\n<p>La Universidad Cat\u00f3lica de Manizales, fiel a su car\u00e1cter misional, congregacional y como obra de Iglesia, ha conformado un&nbsp;<strong>Equipo institucional para la atenci\u00f3n integral de la violencia de g\u00e9nero<\/strong>, como una respuesta concreta a su compromiso con el respeto a la vida, la dignidad humana y la diversidad.<\/p>\n\n\n\n<p>De esta manera, la UCM reafirma que la persona es el centro de todos sus procesos acad\u00e9micos, administrativos y de bienestar, trabajando de manera constante para que la universidad sea un espacio seguro, incluyente y coherente con su proyecto educativo y humano.<\/p>\n\n\n\n<p>El buz\u00f3n de las violencias representa una apuesta institucional por la&nbsp;<strong>prevenci\u00f3n, la escucha activa, el acompa\u00f1amiento y el seguimiento<\/strong>, velando siempre por la seguridad e integridad de quienes hacen parte de la UCM. Con su labor, se busca consolidar un campus libre de violencia y discriminaci\u00f3n, donde cada persona pueda desarrollarse en libertad y con respeto. Su objetivo es facilitar la detecci\u00f3n temprana de conductas de violencias basadas en g\u00e9nero, brindar una v\u00eda de comunicaci\u00f3n segura y promover una respuesta institucional oportuna, asegurando que cada inquietud sea recibida.<\/p>\n\n\n\n<div style=\"height:30px\" aria-hidden=\"true\" class=\"wp-block-spacer\"><\/div>\n\n\n\n<figure class=\"wp-block-image size-large\"><img decoding=\"async\" src=\"https:\/\/ucm.edu.co\/intranet\/wp-content\/uploads\/2025\/09\/buzon-violecia-genero-1024x563-1.jpg\" alt=\"\" class=\"wp-image-227718\" \/><\/figure>\n\n\n\n<div class=\"wp-block-contact-form-7-contact-form-selector\">\n<div class=\"wpcf7 no-js\" id=\"wpcf7-f227723-o1\" lang=\"es-ES\" dir=\"ltr\" data-wpcf7-id=\"227723\">\n<div class=\"screen-reader-response\"><p role=\"status\" aria-live=\"polite\"><\/p> <ul><\/ul><\/div>\n\n<fieldset class=\"hidden-fields-container\">\n<\/fieldset>\n<h2>Buz\u00f3n de las Violencias virtual\n<\/h2>\n<p>\u00bfPodr\u00edas describir alguna situaci\u00f3n en la que hayas sido testigo y\/o v\u00edctima de Violencia Basada en G\u00e9nero (por ejemplo: comentarios ofensivos, gestos inapropiados, acoso, aislamiento, tocamientos no deseados, violencia f\u00edsica u otras conductas) dentro de nuestra comunidad universitaria?\n<\/p>\n<div>\n\t<div class=\"fila_formulario\">\n\t\t<p><label for=\"mensaje\"><span class=\"wpcf7-form-control-wrap\" data-name=\"Mensaje\"><textarea cols=\"40\" rows=\"10\" class=\"wpcf7-form-control wpcf7-textarea\" name=\"Mensaje\"><\/textarea><\/span><\/label>\n\t\t<\/p>\n\t<\/div>\n\t<div class=\"fila_formulario\">\n\t\t<p><label for=\"mensaje\">\u00bfQuieres que lo\/la contactemos?<span class=\"wpcf7-form-control-wrap\" data-name=\"checkbox-317\"><span class=\"wpcf7-form-control wpcf7-checkbox\"><span class=\"wpcf7-list-item first\"><label><span class=\"wpcf7-list-item-label\">Si<\/span><\/label><\/span><span class=\"wpcf7-list-item last\"><label><span class=\"wpcf7-list-item-label\">No<\/span><\/label><\/span><\/span><\/span><\/label>\n\t\t<\/p>\n\t<\/div>\n\t<div class=\"fila_formulario\">\n\t\t<div class=\"columna_formulario\">\n\t\t\t<p><label for=\"nombre\"><span class=\"wpcf7-form-control-wrap\" data-name=\"Nombre\"><\/span><\/label>\n\t\t\t<\/p>\n\t\t<\/div>\n\t\t<div class=\"columna_formulario\">\n\t\t\t<p><label for=\"apellidos\"><span class=\"wpcf7-form-control-wrap\" data-name=\"Contacto\"><\/span><\/label>\n\t\t\t<\/p>\n\t\t<\/div>\n\t<\/div>\n\t<div class=\"fila_formulario\">\n\t\t<div class=\"et_pb_button et_pb_custom_button_icon et_pb_button_0_tb_body\">\n\t\t\t<p>\n\t\t\t<\/p>\n\t\t<\/div>\n\t<\/div>\n\t<p><span id=\"wpcf7-68c450c3afaae-wrapper\" class=\"wpcf7-form-control-wrap email-wrap\" style=\"display:none !important\"><label for=\"wpcf7-68c450c3afaae-field\" class=\"hp-message\">Por favor, deja este campo vac\u00edo.<\/label><\/span>\n\t<\/p>\n<\/div><div class=\"wpcf7-response-output\" aria-hidden=\"true\"><\/div>\n\n<\/div>\n<\/div>\n","protected":false},"excerpt":{"rendered":"<p>La Universidad Cat\u00f3lica de Manizales, fiel a su car\u00e1cter misional, congregacional y como obra de Iglesia, ha conformado un&nbsp;Equipo institucional para la atenci\u00f3n integral de la violencia de g\u00e9nero, como [&hellip;]<\/p>\n","protected":false},"author":2,"featured_media":0,"parent":209049,"menu_order":13,"comment_status":"closed","ping_status":"closed","template":"","meta":{"_et_pb_use_builder":"","_et_pb_old_content":"","_et_gb_content_width":"","_monsterinsights_skip_tracking":false,"_monsterinsights_sitenote_active":false,"_monsterinsights_sitenote_note":"","_monsterinsights_sitenote_category":0,"footnotes":""},"class_list":["post-220555","page","type-page","status-publish","hentry"],"_links":{"self":[{"href":"https:\/\/ucm.edu.co\/intranet\/wp-json\/wp\/v2\/pages\/220555","targetHints":{"allow":["GET"]}}],"collection":[{"href":"https:\/\/ucm.edu.co\/intranet\/wp-json\/wp\/v2\/pages"}],"about":[{"href":"https:\/\/ucm.edu.co\/intranet\/wp-json\/wp\/v2\/types\/page"}],"author":[{"embeddable":true,"href":"https:\/\/ucm.edu.co\/intranet\/wp-json\/wp\/v2\/users\/2"}],"replies":[{"embeddable":true,"href":"https:\/\/ucm.edu.co\/intranet\/wp-json\/wp\/v2\/comments?post=220555"}],"version-history":[{"count":8,"href":"https:\/\/ucm.edu.co\/intranet\/wp-json\/wp\/v2\/pages\/220555\/revisions"}],"predecessor-version":[{"id":220590,"href":"https:\/\/ucm.edu.co\/intranet\/wp-json\/wp\/v2\/pages\/220555\/revisions\/220590"}],"up":[{"embeddable":true,"href":"https:\/\/ucm.edu.co\/intranet\/wp-json\/wp\/v2\/pages\/209049"}],"wp:attachment":[{"href":"https:\/\/ucm.edu.co\/intranet\/wp-json\/wp\/v2\/media?parent=220555"}],"curies":[{"name":"wp","href":"https:\/\/api.w.org\/{rel}","templated":true}]}}