{"id":222790,"date":"2021-03-04T10:42:30","date_gmt":"2021-03-04T15:42:30","guid":{"rendered":"https:\/\/www.ucm.edu.co\/?page_id=185000"},"modified":"2026-02-17T08:25:04","modified_gmt":"2026-02-17T13:25:04","slug":"ucm-espiritual","status":"publish","type":"page","link":"https:\/\/ucm.edu.co\/intranet\/bienestar\/ucm-espiritual\/","title":{"rendered":"UCM Espiritual"},"content":{"rendered":"\n<div class=\"wp-block-columns is-layout-flex wp-container-core-columns-is-layout-9d6595d7 wp-block-columns-is-layout-flex\">\n<div class=\"wp-block-column is-layout-flow wp-block-column-is-layout-flow\" style=\"flex-basis:60%\">\n<figure class=\"wp-block-embed is-type-video is-provider-youtube wp-block-embed-youtube wp-embed-aspect-16-9 wp-has-aspect-ratio\"><div class=\"wp-block-embed__wrapper\">\n<iframe loading=\"lazy\" title=\"UCM Espiritual\" width=\"1080\" height=\"608\" src=\"https:\/\/www.youtube.com\/embed\/wOfX99MPldg?feature=oembed\"  allow=\"accelerometer; autoplay; clipboard-write; encrypted-media; gyroscope; picture-in-picture; web-share\" referrerpolicy=\"strict-origin-when-cross-origin\" allowfullscreen><\/iframe>\n<\/div><\/figure>\n<\/div>\n\n\n\n<div class=\"wp-block-column is-vertically-aligned-center is-layout-flow wp-block-column-is-layout-flow\" style=\"flex-basis:40%\">\n<p><strong>UCM Espiritual<\/strong>\u00a0es el coraz\u00f3n de la vida universitaria donde se fortalece la fe, se cultiva la oraci\u00f3n y se viven los valores del Evangelio. Busca acompa\u00f1ar a cada integrante de la comunidad en su crecimiento personal y espiritual, ofreciendo espacios de encuentro con Dios, formaci\u00f3n, celebraciones lit\u00fargicas y acompa\u00f1amiento cercano.<\/p>\n<\/div>\n<\/div>\n\n\n\n<h2 class=\"wp-block-heading\">Pastoral Universitaria<\/h2>\n\n\n\n<p>La\u00a0Pastoral Universitaria de la UCM<strong>\u00a0<\/strong>es un espacio de encuentro que integra la fe con la vida cotidiana y el camino acad\u00e9mico. Busca acompa\u00f1ar a cada persona en su proyecto de vida, inspirada en los valores del Evangelio y el carisma congregacional.<\/p>\n\n\n\n<p><strong>Servicios<\/strong><\/p>\n\n\n\n<ul class=\"wp-block-list listado_generico\">\n<li>Atenci\u00f3n personalizada a estudiantes y colaboradores.&nbsp;Ac\u00e9rcate a la oficina de pastoral, de lunes a viernes de 7:30 a.m. a 6:30 p.m.<\/li>\n\n\n\n<li>Convivencias para los integrantes de la comunidad UCM. Para solicitar una convivencia, escribe al correo: vicebienestar@ucm.edu.co<\/li>\n\n\n\n<li>Preparaci\u00f3n para las celebraciones de la Eucarist\u00eda seg\u00fan los tiempos lit\u00fargicos y fechas especiales<\/li>\n\n\n\n<li>Preparaci\u00f3n de celebraciones lit\u00fargicas (Rezo del Santo Rosario y Novenas de Navidad)<\/li>\n\n\n\n<li>Actividades de pastoral social en favor de las personas y comunidades m\u00e1s necesitadas.&nbsp;Si quieres vincularte en las actividades de Pastoral Social, comun\u00edcate a la extensi\u00f3n 2304 o ac\u00e9rcate a la oficina de Pastoral Universitaria.<\/li>\n\n\n\n<li>Misi\u00f3n al Pat\u00eda \u2013Cauca (Semana santa)\u00a0\u00bfQuieres ser misionero? \u00a1Pregunta en la oficina de la vicerrector\u00eda de Bienestar y pastoral Universitaria, como lo puedes ser! An\u00edmate y comparte tu alegr\u00eda con la comunidad del Pat\u00eda.<\/li>\n\n\n\n<li>Grupo de Pastoral\u00a0\u00bfQuieres pertenecer al Grupo de Pastoral UCM? Reuniones los viernes a las 11:00 a.m.<\/li>\n<\/ul>\n\n\n\n<h2 class=\"wp-block-heading\">Capellan\u00eda<\/h2>\n\n\n\n<p>La\u00a0Unidad de Capellan\u00eda de la UCM\u00a0es un espacio para encontrarnos, crecer en la fe y compartir la espiritualidad cristiana en medio de la vida universitaria. Queremos acompa\u00f1arte en tu camino, acerc\u00e1ndote a Dios a trav\u00e9s de la oraci\u00f3n, los Sacramentos, la formaci\u00f3n y el acompa\u00f1amiento espiritual.<\/p>\n\n\n\n<p><strong>Servicios<\/strong><\/p>\n\n\n\n<ul class=\"wp-block-list listado_generico\">\n<li>Celebraciones Eucar\u00edsticas.&nbsp;Celebraci\u00f3n diaria de la Eucarist\u00eda, en la Capilla UCM.<br>Hora: 11:15 a.m.<\/li>\n\n\n\n<li>Acompa\u00f1amiento en la vida Sacramental (Preparaci\u00f3n y celebraci\u00f3n de sacramentos)&nbsp;Inscr\u00edbete y recibe el sacramento de la Confirmaci\u00f3n.<br>Mayor informaci\u00f3n: Ext: 2101<\/li>\n\n\n\n<li>Atenci\u00f3n personalizada a estudiantes, colaboradores y personas del entorno<\/li>\n\n\n\n<li>Otras celebraciones lit\u00fargicas en fechas especiales<\/li>\n\n\n\n<li>Retiros espirituales<\/li>\n\n\n\n<li>Acompa\u00f1amiento, asesor\u00edas y encuentros de formaci\u00f3n espiritual<\/li>\n\n\n\n<li>Visitas Pastorales a estudiantes y colaboradores<\/li>\n<\/ul>\n\n\n\n<div class=\"wp-block-pb-accordion-item c-accordion__item js-accordion-item no-js contenido_oculto\" data-initially-open=\"false\" data-click-to-close=\"true\" data-auto-close=\"true\" data-scroll=\"false\" data-scroll-offset=\"0\"><h2 id=\"at-1850000\" class=\"c-accordion__title js-accordion-controller\" role=\"button\">Pastoral Universitaria<\/h2><div id=\"ac-1850000\" class=\"c-accordion__content\">\n<p>Es la unidad encargada de promover la acci\u00f3n pastoral que favorece la formaci\u00f3n humana-espiritual y la integraci\u00f3n entre fe, cultura y vida. Es un centro de espacios y experiencias formativas enmarcadas en los principios del evangelio y el carisma congregacional.<\/p>\n\n\n\n<h3 class=\"wp-block-heading\">Objetivo<\/h3>\n\n\n\n<p>Acompa\u00f1ar el proceso de formaci\u00f3n humano-cristiana de la comunidad universitaria, para la vivencia de valores que fortalezcan y contribuyan al desarrollo arm\u00f3nico de la persona.<\/p>\n\n\n\n<h3 class=\"wp-block-heading\">Servicios<\/h3>\n\n\n\n<ul class=\"wp-block-list listado_generico\">\n<li>Atenci\u00f3n personalizada a estudiantes y colaboradores.&nbsp;Ac\u00e9rcate a la oficina de pastoral, de lunes a viernes de 7:30 a.m. a 6:30 p.m.<\/li>\n\n\n\n<li>Convivencias para los integrantes de la comunidad UCM. Para solicitar una convivencia, escribe al correo: vicebienestar@ucm.edu.co<\/li>\n\n\n\n<li>Preparaci\u00f3n para las celebraciones de la Eucarist\u00eda seg\u00fan los tiempos lit\u00fargicos y fechas especiales<\/li>\n\n\n\n<li>Preparaci\u00f3n de celebraciones lit\u00fargicas (Rezo del Santo Rosario y Novenas de Navidad)<\/li>\n\n\n\n<li>Actividades de pastoral social en favor de las personas y comunidades m\u00e1s necesitadas.&nbsp;Si quieres vincularte en las actividades de Pastoral Social, comun\u00edcate a la extensi\u00f3n 2304 o ac\u00e9rcate a la oficina de Pastoral Universitaria.<\/li>\n\n\n\n<li>Misi\u00f3n al Pat\u00eda \u2013Cauca (Semana santa)\u00a0\u00bfQuieres ser misionero? \u00a1Pregunta en la oficina de la vicerrector\u00eda de Bienestar y pastoral Universitaria, como lo puedes ser! An\u00edmate y comparte tu alegr\u00eda con la comunidad del Pat\u00eda.<\/li>\n\n\n\n<li>Grupo de Pastoral\u00a0\u00bfQuieres pertenecer al Grupo de Pastoral UCM? Reuniones los viernes a las 11:00 a.m.<\/li>\n<\/ul>\n\n\n\n<h3 class=\"wp-block-heading\">Contacto:<\/h3>\n\n\n\n<p>Coordinaci\u00f3n de Pastoral, tel\u00e9fono 8933050 Ext. 2304<\/p>\n<\/div><\/div>\n\n\n\n<div style=\"height:5px\" aria-hidden=\"true\" class=\"wp-block-spacer\"><\/div>\n\n\n\n<div class=\"wp-block-pb-accordion-item c-accordion__item js-accordion-item no-js contenido_oculto\" data-initially-open=\"false\" data-click-to-close=\"true\" data-auto-close=\"true\" data-scroll=\"false\" data-scroll-offset=\"0\"><h2 id=\"at-1850001\" class=\"c-accordion__title js-accordion-controller\" role=\"button\">Capellan\u00eda<\/h2><div id=\"ac-1850001\" class=\"c-accordion__content\">\n<p>En coherencia con la filosof\u00eda e identidad institucional, promueve y acompa\u00f1a en la persona el proceso espiritual y la recepci\u00f3n de los sacramentos, record\u00e1ndole que la vida encuentra su verdadero sentido en Jesucristo como fuente de su plena realizaci\u00f3n.&nbsp;<\/p>\n\n\n\n<h3 class=\"wp-block-heading\">Objetivo<\/h3>\n\n\n\n<p>Ofrecer a la comunidad universitaria asesor\u00eda, acompa\u00f1amiento, formaci\u00f3n humana y espiritual, recepci\u00f3n de los sacramentos, para acrecentar una experiencia consciente de fe, que lleve a cada persona a asumir sus compromisos cristianos y de servicio a los dem\u00e1s.<\/p>\n\n\n\n<h3 class=\"wp-block-heading\">Servicios<\/h3>\n\n\n\n<ul class=\"wp-block-list\">\n<li>Celebraciones Eucar\u00edsticas.&nbsp;Celebraci\u00f3n diaria de la Eucarist\u00eda, en la Capilla UCM.<br>Hora: 11:15 a.m.<\/li>\n\n\n\n<li>Acompa\u00f1amiento en la vida Sacramental (Preparaci\u00f3n y celebraci\u00f3n de sacramentos)&nbsp;Inscr\u00edbete y recibe el sacramento de la Confirmaci\u00f3n.<br>Mayor informaci\u00f3n: Ext: 2101<\/li>\n\n\n\n<li>Atenci\u00f3n personalizada a estudiantes, colaboradores y personas del entorno<\/li>\n\n\n\n<li>Otras celebraciones lit\u00fargicas en fechas especiales<\/li>\n\n\n\n<li>Retiros espirituales<\/li>\n\n\n\n<li>Acompa\u00f1amiento, asesor\u00edas y encuentros de formaci\u00f3n espiritual<\/li>\n\n\n\n<li>Visitas Pastorales a estudiantes y colaboradores<\/li>\n<\/ul>\n\n\n\n<h3 class=\"wp-block-heading\">Contacto<\/h3>\n\n\n\n<p>Capellan\u00eda, tel\u00e9fono 8933050 Ext. 2101<\/p>\n<\/div><\/div>\n\n\n\n<div style=\"height:20px\" aria-hidden=\"true\" class=\"wp-block-spacer\"><\/div>\n","protected":false},"excerpt":{"rendered":"<p>UCM Espiritual\u00a0es el coraz\u00f3n de la vida universitaria donde se fortalece la fe, se cultiva la oraci\u00f3n y se viven los valores del Evangelio. Busca acompa\u00f1ar a cada integrante de [&hellip;]<\/p>\n","protected":false},"author":2,"featured_media":0,"parent":209049,"menu_order":310,"comment_status":"closed","ping_status":"closed","template":"","meta":{"_et_pb_use_builder":"off","_et_pb_old_content":"","_et_gb_content_width":"","_monsterinsights_skip_tracking":false,"_monsterinsights_sitenote_active":false,"_monsterinsights_sitenote_note":"","_monsterinsights_sitenote_category":0,"footnotes":""},"class_list":["post-222790","page","type-page","status-publish","hentry"],"_links":{"self":[{"href":"https:\/\/ucm.edu.co\/intranet\/wp-json\/wp\/v2\/pages\/222790","targetHints":{"allow":["GET"]}}],"collection":[{"href":"https:\/\/ucm.edu.co\/intranet\/wp-json\/wp\/v2\/pages"}],"about":[{"href":"https:\/\/ucm.edu.co\/intranet\/wp-json\/wp\/v2\/types\/page"}],"author":[{"embeddable":true,"href":"https:\/\/ucm.edu.co\/intranet\/wp-json\/wp\/v2\/users\/2"}],"replies":[{"embeddable":true,"href":"https:\/\/ucm.edu.co\/intranet\/wp-json\/wp\/v2\/comments?post=222790"}],"version-history":[{"count":13,"href":"https:\/\/ucm.edu.co\/intranet\/wp-json\/wp\/v2\/pages\/222790\/revisions"}],"predecessor-version":[{"id":222813,"href":"https:\/\/ucm.edu.co\/intranet\/wp-json\/wp\/v2\/pages\/222790\/revisions\/222813"}],"up":[{"embeddable":true,"href":"https:\/\/ucm.edu.co\/intranet\/wp-json\/wp\/v2\/pages\/209049"}],"wp:attachment":[{"href":"https:\/\/ucm.edu.co\/intranet\/wp-json\/wp\/v2\/media?parent=222790"}],"curies":[{"name":"wp","href":"https:\/\/api.w.org\/{rel}","templated":true}]}}