{"id":222802,"date":"2021-03-04T10:39:24","date_gmt":"2021-03-04T15:39:24","guid":{"rendered":"https:\/\/www.ucm.edu.co\/?page_id=184998"},"modified":"2021-03-04T10:39:24","modified_gmt":"2021-03-04T15:39:24","slug":"ucm-deportiva","status":"publish","type":"page","link":"https:\/\/ucm.edu.co\/intranet\/bienestar\/ucm-deportiva\/","title":{"rendered":"UCM Deportiva"},"content":{"rendered":"\n<figure class=\"wp-block-embed is-type-video is-provider-youtube wp-block-embed-youtube wp-embed-aspect-16-9 wp-has-aspect-ratio\"><div class=\"wp-block-embed__wrapper\">\n<iframe loading=\"lazy\" title=\"UCM Deportiva\" width=\"1080\" height=\"608\" src=\"https:\/\/www.youtube.com\/embed\/uUROUbgheOI?feature=oembed\"  allow=\"accelerometer; autoplay; clipboard-write; encrypted-media; gyroscope; picture-in-picture; web-share\" referrerpolicy=\"strict-origin-when-cross-origin\" allowfullscreen><\/iframe>\n<\/div><\/figure>\n\n\n\n<p>Los espacios recreativos y deportivos promueven importantes habilidades y valores que tienden a fortalecer la formaci\u00f3n de nuestra comunidad como son la disciplina, la \u00e9tica, la moral, la responsabilidad, el liderazgo, el trabajo en equipo, el trazo de metas, el sentido de identidad, la solidaridad, el car\u00e1cter, la tolerancia, la aceptaci\u00f3n de normas y reglas, la alteridad, que brindan bases fundamentales para convivir en sociedad y responder a los retos y desaf\u00edos emergentes en la misma.<\/p>\n\n\n\n<h2 class=\"wp-block-heading\">Recreaci\u00f3n y Deportes<\/h2>\n\n\n\n<p>Recreaci\u00f3n en convivencias, espacios de actividad f\u00edsica, rumba terapia, recrematch, vacaciones recreativas, talleres recreativos de integraci\u00f3n \u2013 liderazgo y trabajo en equipo, recreaci\u00f3n e integraci\u00f3n de bienvenida, jornadas recreativas, juegos tradicionales, caminatas ecol\u00f3gicas, juegos de mesa, actividades recreativas con comunidad externa.<\/p>\n\n\n\n<h2 class=\"wp-block-heading\">Deporte Competitivo<\/h2>\n\n\n\n<p>Participaci\u00f3n de las selecciones representativas en torneos universitarios y abiertos a nivel local, zonal y nacional en las siguientes disciplinas deportivas: Voleibol, baloncesto, ultimate, f\u00fatbol, voleibol arena, f\u00fatbol sala, tenis de mesa, squash, judo, tenis de campo, ajedrez, atletismo.<\/p>\n\n\n\n<h2 class=\"wp-block-heading\">Deporte Universitario<\/h2>\n\n\n\n<p>Torneos internos, grupos de promoci\u00f3n deportiva y jornadas deportivas en voleibol, squash, f\u00fatbol sala, baloncesto, f\u00fatbol, tenis de mesa, f\u00fatbol tenis, ajedrez.<\/p>\n\n\n\n<h2 class=\"wp-block-heading\">Deporte Formativo<\/h2>\n\n\n\n<p>Grupos de las Asignaturas Deportivas en las disciplinas baloncesto, f\u00fatbol sala, voleibol, squash y acondicionamiento f\u00edsico.<\/p>\n\n\n\n<h2 class=\"wp-block-heading\">Incentivos Deportivos<\/h2>\n\n\n\n<ul class=\"wp-block-list listado_generico\">\n<li>Los deportistas que pertenezcan a las selecciones UCM tendr\u00e1n un descuento en matricula del 10% semestral.<\/li>\n\n\n\n<li>Los deportistas o selecciones UCM que obtengan el t\u00edtulo de campeones en torneos locales tendr\u00e1n un descuento en matricula del 30% cada uno.<\/li>\n\n\n\n<li>Los deportistas o selecciones UCM que obtengan el t\u00edtulo de campeones en torneos zonales tendr\u00e1n un descuento en matricula del 50% cada uno.<\/li>\n\n\n\n<li>Los deportistas o selecciones UCM que obtengan el t\u00edtulo de campeones en torneos nacionales tendr\u00e1n un descuento en matricula del 70% cada uno.<\/li>\n\n\n\n<li>Los deportistas o selecciones UCM que obtengan el t\u00edtulo de campeones en torneos internacionales, tendr\u00e1n un descuento en matricula del 100% cada uno.<\/li>\n\n\n\n<li>Deportistas integrantes de selecciones departamentales o nacionales campeonas en torneos nacionales o internacionales (Ligas departamentales o federaciones nacionales) tendr\u00e1n un descuento en la matricula del 15% cada uno.<\/li>\n\n\n\n<li>Deportistas integrantes de selecciones departamentales o nacionales subcampeonas en torneos nacionales o internacionales (Ligas departamentales o federaciones nacionales) tendr\u00e1n un descuento en la matricula del 10% cada uno.<\/li>\n<\/ul>\n\n\n\n<div style=\"height:15px\" aria-hidden=\"true\" class=\"wp-block-spacer\"><\/div>\n\n\n\n<div class=\"wp-block-columns is-layout-flex wp-container-core-columns-is-layout-9d6595d7 wp-block-columns-is-layout-flex\">\n<div class=\"wp-block-column is-layout-flow wp-block-column-is-layout-flow\">\n<h2 class=\"wp-block-heading\">\u00bfQuieres m\u00e1s informaci\u00f3n sobre las actividades recreativas y deportivas que ofrecemos? <\/h2>\n\n\n\n<p class=\".texto_grande\">Henry Andr\u00e9s Londo\u00f1o Hern\u00e1ndez<br>(6)8933050 Ext. 2403<br>hlondono@ucm.edu.co<br>Horario de atenci\u00f3n: lunes a viernes de 7:30 a.m. a 12:00 m. y de 2:00 a 6:30 p.m.<\/p>\n\n\n\n<div style=\"height:15px\" aria-hidden=\"true\" class=\"wp-block-spacer\"><\/div>\n\n\n\n<div class=\"wp-block-buttons is-layout-flex wp-block-buttons-is-layout-flex\">\n<div class=\"wp-block-button .fondo_salmon\"><a class=\"wp-block-button__link has-white-color has-text-color has-background wp-element-button\" href=\"mailto:hlondono@ucm.edu.co\" style=\"background-color:#f1573d\" target=\"_blank\" rel=\"noreferrer noopener\"><strong>Escr\u00edbenos &gt;<\/strong><\/a><\/div>\n<\/div>\n<\/div>\n\n\n\n<div class=\"wp-block-column is-layout-flow wp-block-column-is-layout-flow\"><\/div>\n<\/div>\n","protected":false},"excerpt":{"rendered":"<p>Los espacios recreativos y deportivos promueven importantes habilidades y valores que tienden a fortalecer la formaci\u00f3n de nuestra comunidad como son la disciplina, la \u00e9tica, la moral, la responsabilidad, el [&hellip;]<\/p>\n","protected":false},"author":2,"featured_media":0,"parent":209049,"menu_order":311,"comment_status":"closed","ping_status":"closed","template":"","meta":{"_et_pb_use_builder":"off","_et_pb_old_content":"","_et_gb_content_width":"","_monsterinsights_skip_tracking":false,"_monsterinsights_sitenote_active":false,"_monsterinsights_sitenote_note":"","_monsterinsights_sitenote_category":0,"footnotes":""},"class_list":["post-222802","page","type-page","status-publish","hentry"],"_links":{"self":[{"href":"https:\/\/ucm.edu.co\/intranet\/wp-json\/wp\/v2\/pages\/222802","targetHints":{"allow":["GET"]}}],"collection":[{"href":"https:\/\/ucm.edu.co\/intranet\/wp-json\/wp\/v2\/pages"}],"about":[{"href":"https:\/\/ucm.edu.co\/intranet\/wp-json\/wp\/v2\/types\/page"}],"author":[{"embeddable":true,"href":"https:\/\/ucm.edu.co\/intranet\/wp-json\/wp\/v2\/users\/2"}],"replies":[{"embeddable":true,"href":"https:\/\/ucm.edu.co\/intranet\/wp-json\/wp\/v2\/comments?post=222802"}],"version-history":[{"count":0,"href":"https:\/\/ucm.edu.co\/intranet\/wp-json\/wp\/v2\/pages\/222802\/revisions"}],"up":[{"embeddable":true,"href":"https:\/\/ucm.edu.co\/intranet\/wp-json\/wp\/v2\/pages\/209049"}],"wp:attachment":[{"href":"https:\/\/ucm.edu.co\/intranet\/wp-json\/wp\/v2\/media?parent=222802"}],"curies":[{"name":"wp","href":"https:\/\/api.w.org\/{rel}","templated":true}]}}