{"id":222814,"date":"2021-03-04T09:22:19","date_gmt":"2021-03-04T14:22:19","guid":{"rendered":"https:\/\/www.ucm.edu.co\/?page_id=184987"},"modified":"2021-03-04T09:22:19","modified_gmt":"2021-03-04T14:22:19","slug":"ucm-cultural","status":"publish","type":"page","link":"https:\/\/ucm.edu.co\/intranet\/bienestar\/ucm-cultural\/","title":{"rendered":"UCM Cultural"},"content":{"rendered":"\n<div class=\"wp-block-columns is-layout-flex wp-container-core-columns-is-layout-9d6595d7 wp-block-columns-is-layout-flex\">\n<div class=\"wp-block-column is-vertically-aligned-center is-layout-flow wp-block-column-is-layout-flow\" style=\"flex-basis:40%\">\n<p>UCM Cultural fomenta la creatividad y el arte como medios de expresi\u00f3n, encuentro y transformaci\u00f3n. A trav\u00e9s de la m\u00fasica, la danza, el teatro y las artes pl\u00e1sticas, los estudiantes encuentran un espacio para descubrir sus talentos, fortalecer su identidad cultural y compartir experiencias que enriquecen la vida universitaria.<\/p>\n<\/div>\n\n\n\n<div class=\"wp-block-column is-vertically-aligned-center is-layout-flow wp-block-column-is-layout-flow\" style=\"flex-basis:60%\">\n<figure class=\"wp-block-embed is-type-video is-provider-youtube wp-block-embed-youtube wp-embed-aspect-16-9 wp-has-aspect-ratio\"><div class=\"wp-block-embed__wrapper\">\n<iframe loading=\"lazy\" title=\"UCM Cultural\" width=\"1080\" height=\"608\" src=\"https:\/\/www.youtube.com\/embed\/I5RZgMDBjUg?feature=oembed\"  allow=\"accelerometer; autoplay; clipboard-write; encrypted-media; gyroscope; picture-in-picture; web-share\" referrerpolicy=\"strict-origin-when-cross-origin\" allowfullscreen><\/iframe>\n<\/div><\/figure>\n<\/div>\n<\/div>\n\n\n\n<div style=\"height:20px\" aria-hidden=\"true\" class=\"wp-block-spacer\"><\/div>\n\n\n\n<div class=\"wp-block-pb-accordion-item c-accordion__item js-accordion-item no-js\" data-initially-open=\"false\" data-click-to-close=\"true\" data-auto-close=\"true\" data-scroll=\"false\" data-scroll-offset=\"0\"><h2 id=\"at-1849870\" class=\"c-accordion__title js-accordion-controller\" role=\"button\">Servicios<\/h2><div id=\"ac-1849870\" class=\"c-accordion__content\">\n<ul class=\"wp-block-list listado_generico\">\n<li><strong>Cr\u00e9ditos de cultura: <\/strong>Son ofertas acad\u00e9micas pensadas desde las habilidades y necesidades de la comunidad universitaria, all\u00ed se ofertan cr\u00e9ditos culturales como son fotograf\u00eda, danza, bailes argentinos, pintura, coro, guitarra, percusi\u00f3n folcl\u00f3rica, y son escogidos desde las preferencias de cada estudiante inmerso en el proceso educativo, esta actividad se visibiliza a la comunidad en la clausura de cierre de cr\u00e9ditos que se hace cada semestre donde se muestran los procesos creativos de los estudiantes asistentes a los diferentes cr\u00e9ditos de culturales.<\/li>\n\n\n\n<li><strong>Espacios culturales:<\/strong> Brindan la posibilidad de reconocer la multiculturalidad de la comunidad UCM a trav\u00e9s de las diferentes manifestaciones y dimensiones del arte, son espacios de creaci\u00f3n, sensibilizaci\u00f3n, pensados para contribuir en el aprovechamiento del tiempo libre, herramientas para la vida, el desarrollo integral y la construcci\u00f3n de comunidad.<\/li>\n<\/ul>\n\n\n\n<h3 class=\"wp-block-heading\">Los espacios propuestos por la unidad de cultura son<\/h3>\n\n\n\n<ul class=\"wp-block-list listado_generico\">\n<li><strong>Exposiciones de arte<\/strong>: Se realizan con el fin de sensibilizar a la comunidad a trav\u00e9s del arte, estas muestras son de fotograf\u00eda, escultura, pintura o cualquier proceso creativo donde act\u00fae la imaginaci\u00f3n e inventiva y donde se vea reflejado el acervo y la preservaci\u00f3n del patrimonio cultural.<\/li>\n\n\n\n<li><strong>Cinema UCM<\/strong>: El cinema UCM es un espacio pensado para aquellos que aman el arte cinematogr\u00e1fico y adem\u00e1ss est\u00e1 planteado para el aprovechamiento del tiempo libre de toda la comunidad al medio d\u00eda.<\/li>\n\n\n\n<li><strong>Concurso de centro corto:<\/strong>&nbsp;Este espacio creado por la Biblioteca Hna. Josefina N\u00fa\u00f1ez y la unidad de cultura, propicia un encuentro con la palabra, donde los participantes tienen la oportunidad de plasmar emociones y poner en pr\u00e1ctica la inventiva e imaginarios cotidianos, cada a\u00f1o se invita a los estudiantes, profesores, administrativos y graduados a la convocatoria del Concurso de Cuento corto, a partir del a\u00f1o 2018 en segunda lengua en participaci\u00f3n con el centro de idiomas.<\/li>\n\n\n\n<li><strong>Festivoz:<\/strong>&nbsp;es un concurso anual que permite descubrir, apoyar y proyectar los talentos vocales de la comunidad UCM para fortalecer la expresi\u00f3n art\u00edstico-cultural y afianzar la escena del canto en la instituci\u00f3n.<\/li>\n\n\n\n<li><strong>UCM escenario de la cultura:<\/strong>&nbsp;El proyecto UCM escenario de la cultura, es un espacio pensado para dar vida a la multiculturalidad que emerge en la instituci\u00f3n, pues sus grupos humanos tan diversos permiten diferentes manifestaciones desde la vivencia de cada persona que trae consigo su expresi\u00f3n y arraigos culturales, esta experiencia pondr\u00e1 en contexto la cultura de nuestro pa\u00eds y los pa\u00edses de movilidad internacional para reconocer toda la riqueza de la cultura, tradiciones, gastronom\u00eda, creencias, entre otros, de las culturas que conviven en la instituci\u00f3n.<\/li>\n\n\n\n<li><strong>Grupos art\u00edsticos y culturales UCM:<\/strong> Son espacios ofrecidos a la comunidad universitaria con el fin de potencializar las habilidades art\u00edsticas, generando herramientas para la vida desde los procesos creativos que all\u00ed emergen, estas expresiones multiculturales se entretejen desde los intereses de los estudiantes, profesores, colaboradores y comunidad en general.<\/li>\n<\/ul>\n\n\n\n<h3 class=\"wp-block-heading\"><strong>Las propuestas culturales son la conformaci\u00f3n de grupos de<\/strong><\/h3>\n\n\n\n<ul class=\"wp-block-list listado_generico\">\n<li><strong>Chirim\u00eda:<\/strong>&nbsp;es un grupo conformado desde hace 6 a\u00f1os, que se dedica al montaje de piezas tradicionales colombianas y latinoamericanas, su instrumentaci\u00f3n en su mayor\u00eda es del folclor andino y del pac\u00edfico.<\/li>\n\n\n\n<li><strong>Grupo de Rock:<\/strong>&nbsp;este grupo procura el montaje del genero rock y m\u00fasica pop, con instrumentaci\u00f3n de bater\u00eda, guitarra el\u00e9ctrica, piano, bajo y voces.<\/li>\n\n\n\n<li><strong>Grupo instrumental:<\/strong>&nbsp;este grupo interpreta m\u00fasica instrumental en formato saxof\u00f3n, piano y percusi\u00f3n apropiados para grados y amenizar reuniones sociales.<\/li>\n\n\n\n<li><strong>Orquesta UCM:<\/strong>&nbsp;es un grupo conformado desde hace tres a\u00f1os, el cual interpreta el g\u00e9nero de la salsa y m\u00fasica tropical.<\/li>\n\n\n\n<li><strong>Coro:<\/strong>&nbsp;\u00e9sta agrupaci\u00f3n interpreta temas acapella del repertorio religioso y latinoamericano, conformado por estudiantes de varias instituciones.<\/li>\n<\/ul>\n<\/div><\/div>\n\n\n\n<div style=\"height:5px\" aria-hidden=\"true\" class=\"wp-block-spacer\"><\/div>\n\n\n\n<div class=\"wp-block-pb-accordion-item c-accordion__item js-accordion-item no-js\" data-initially-open=\"false\" data-click-to-close=\"true\" data-auto-close=\"true\" data-scroll=\"false\" data-scroll-offset=\"0\"><h2 id=\"at-1849871\" class=\"c-accordion__title js-accordion-controller\" role=\"button\">Actividades de acompa\u00f1amiento a los programas y comunidad<\/h2><div id=\"ac-1849871\" class=\"c-accordion__content\">\n<ul class=\"wp-block-list listado_generico\">\n<li>Bienvenida para la comunidad universitaria al iniciar el periodo acad\u00e9mico.<\/li>\n\n\n\n<li>Bienvenida para estudiantes de movilidad nacional e internacional.<\/li>\n\n\n\n<li>Vacaciones recreativas para los hijos y familiares de funcionarios.<\/li>\n\n\n\n<li>Presentaciones con los grupos institucionales: chirim\u00eda, grupo de rock, coro, orquesta UCM y el grupo instrumental solicitados para grados y actividades de culturales y de bienestar por lo diferentes programas presenciales, distancia, doctorado y graduados.<\/li>\n\n\n\n<li>Actividades culturales en inducci\u00f3n de estudiantes Karaoke<\/li>\n\n\n\n<li>Bienestar en l\u00ednea.<\/li>\n\n\n\n<li>Invitaci\u00f3n de otras entidades e instituciones a los grupos culturales institucionales.<\/li>\n\n\n\n<li>Participaci\u00f3n a concursos, locales, regionales y nacionales de participantes de la UCM en diferentes categor\u00edas.<\/li>\n\n\n\n<li>Acompa\u00f1amiento con el canto lit\u00fargico en las celebraciones Eucar\u00edsticas.<\/li>\n<\/ul>\n<\/div><\/div>\n\n\n\n<div style=\"height:5px\" aria-hidden=\"true\" class=\"wp-block-spacer\"><\/div>\n\n\n\n<div class=\"wp-block-pb-accordion-item c-accordion__item js-accordion-item no-js\" data-initially-open=\"false\" data-click-to-close=\"true\" data-auto-close=\"true\" data-scroll=\"false\" data-scroll-offset=\"0\"><h2 id=\"at-1849872\" class=\"c-accordion__title js-accordion-controller\" role=\"button\">Est\u00edmulos de cultura<\/h2><div id=\"ac-1849872\" class=\"c-accordion__content\">\n<p>Los est\u00edmulos de cultura est\u00e1n amparados bajo el acuerdo No 018 del 5 de mayo del 2014, donde se da est\u00edmulo de rebaja en la matricula a los estudiantes que pertenezcan a cr\u00e9ditos deportivos y culturales discriminados en el siguiente orden:<\/p>\n\n\n\n<ul class=\"wp-block-list listado_generico\">\n<li>5% de descuento en la matr\u00edcula por pertenecer a cualquier cr\u00e9dito de cultura y grupo deportivo, y cumpla con los requisitos de asistencia de 90% de los ensayos y 100 de presentaciones y obtenga un porcentaje no inferior al 3.5<\/li>\n\n\n\n<li>El 30% de descuento en la matr\u00edcula para estudiantes que ganen concursos a nivel local<\/li>\n\n\n\n<li>50% de descuento en la matr\u00edcula para estudiantes que ganen concursos a nivel regional<\/li>\n\n\n\n<li>70% de descuento en la matr\u00edcula a estudiantes que ganen concursos a nivel nacional<\/li>\n\n\n\n<li>Y 100% de descuento en la matr\u00edcula para estudiantes que ganen concursos a nivel internacional<\/li>\n<\/ul>\n<\/div><\/div>\n","protected":false},"excerpt":{"rendered":"<p>UCM Cultural fomenta la creatividad y el arte como medios de expresi\u00f3n, encuentro y transformaci\u00f3n. A trav\u00e9s de la m\u00fasica, la danza, el teatro y las artes pl\u00e1sticas, los estudiantes [&hellip;]<\/p>\n","protected":false},"author":2,"featured_media":0,"parent":209049,"menu_order":314,"comment_status":"closed","ping_status":"closed","template":"","meta":{"_et_pb_use_builder":"off","_et_pb_old_content":"","_et_gb_content_width":"","_monsterinsights_skip_tracking":false,"_monsterinsights_sitenote_active":false,"_monsterinsights_sitenote_note":"","_monsterinsights_sitenote_category":0,"footnotes":""},"class_list":["post-222814","page","type-page","status-publish","hentry"],"_links":{"self":[{"href":"https:\/\/ucm.edu.co\/intranet\/wp-json\/wp\/v2\/pages\/222814","targetHints":{"allow":["GET"]}}],"collection":[{"href":"https:\/\/ucm.edu.co\/intranet\/wp-json\/wp\/v2\/pages"}],"about":[{"href":"https:\/\/ucm.edu.co\/intranet\/wp-json\/wp\/v2\/types\/page"}],"author":[{"embeddable":true,"href":"https:\/\/ucm.edu.co\/intranet\/wp-json\/wp\/v2\/users\/2"}],"replies":[{"embeddable":true,"href":"https:\/\/ucm.edu.co\/intranet\/wp-json\/wp\/v2\/comments?post=222814"}],"version-history":[{"count":0,"href":"https:\/\/ucm.edu.co\/intranet\/wp-json\/wp\/v2\/pages\/222814\/revisions"}],"up":[{"embeddable":true,"href":"https:\/\/ucm.edu.co\/intranet\/wp-json\/wp\/v2\/pages\/209049"}],"wp:attachment":[{"href":"https:\/\/ucm.edu.co\/intranet\/wp-json\/wp\/v2\/media?parent=222814"}],"curies":[{"name":"wp","href":"https:\/\/api.w.org\/{rel}","templated":true}]}}