{"id":210708,"date":"2024-10-01T11:58:33","date_gmt":"2024-10-01T16:58:33","guid":{"rendered":"https:\/\/ucm.edu.co\/ssst\/?page_id=210708"},"modified":"2024-10-01T11:58:34","modified_gmt":"2024-10-01T16:58:34","slug":"bioseguridad","status":"publish","type":"page","link":"https:\/\/ucm.edu.co\/ssst\/bioseguridad\/","title":{"rendered":"Bioseguridad"},"content":{"rendered":"\n<h2 class=\"wp-block-heading\"><strong>Protocolos<\/strong><\/h2>\n\n\n\n<ul class=\"wp-block-list listado_generico\">\n<li><a href=\"https:\/\/ucm.edu.co\/ssst\/wp-content\/uploads\/2022\/01\/GTH-PRT-1-PROTOCOLO-DE-BIOSEGURIDAD-PARA-LA-PREVENCI%C3%93N-DE-LA-TRANSMISI%C3%93N-DEL-SARS-COV-2-COVID-19-EN-LA-UCM-v5.pdf\" target=\"_blank\" rel=\"noreferrer noopener\">GTH-PRT-1 PROTOCOLO DE BIOSEGURIDAD PARA LA PREVENCI\u00d3N DE LA TRANSMISI\u00d3N DEL SARS-COV-2 (COVID-19) EN LA UCM v5<\/a><\/li>\n\n\n\n<li><a href=\"https:\/\/ucm.edu.co\/ssst\/wp-content\/uploads\/2022\/01\/GTH-PRT-2-PROTOCOLO-DE-BIOSEGURIDAD-PARA-LA-PREVENCI%C3%93N-DE-LA-TRANSMISI%C3%93N-DEL-SARS-COV-2-COVID-19-EN-LA-CASA-DE-POSGRADOS-UCM-v4.pdf\" target=\"_blank\" rel=\"noreferrer noopener\">GTH-PRT-2 PROTOCOLO DE BIOSEGURIDAD PARA LA PREVENCI\u00d3N DE LA TRANSMISI\u00d3N DEL SARS-COV-2 (COVID-19) EN LA CASA DE POSGRADOS UCM v4<\/a><\/li>\n\n\n\n<li><a href=\"https:\/\/ucm.edu.co\/ssst\/wp-content\/uploads\/2022\/01\/GTH-PRT-3-LINEAMIENTOS-DE-BIOSEGURIDAD-PARA-VENTANILLAS-REGISTRO-ACAD%C3%89MICO-CARTERA-Y-CAJA-v2.pdf\" target=\"_blank\" rel=\"noreferrer noopener\">GTH-PRT-3 LINEAMIENTOS DE BIOSEGURIDAD PARA VENTANILLAS, REGISTRO ACAD\u00c9MICO, CARTERA Y CAJA v2<\/a><\/li>\n\n\n\n<li><a href=\"https:\/\/ucm.edu.co\/ssst\/wp-content\/uploads\/2022\/01\/GTH-PRT-4-LINEAMIENTOS-DE-BIOSEGURIDAD-PARA-CAFETERIAS-Y-ZONAS-DE-ALIMENTACI%C3%93N-v1.pdf\" target=\"_blank\" rel=\"noreferrer noopener\">GTH-PRT-4 LINEAMIENTOS DE BIOSEGURIDAD PARA CAFETERIAS Y ZONAS DE ALIMENTACI\u00d3N v1<\/a><\/li>\n\n\n\n<li><a href=\"https:\/\/ucm.edu.co\/ssst\/wp-content\/uploads\/2022\/01\/GTH-PRT-5-LINEAMIENTOS-DE-BIOSEGURIDAD-PARA-PORTERIA-v1.pdf\" target=\"_blank\" rel=\"noreferrer noopener\">GTH-PRT-5 LINEAMIENTOS DE BIOSEGURIDAD PARA PORTERIA v1<\/a><\/li>\n\n\n\n<li><a href=\"https:\/\/ucm.edu.co\/ssst\/wp-content\/uploads\/2022\/01\/GTH-PRT-9-INFOGRAFIA-BIOSEGURIDAD-PARA-PARQUEADEROS-v2.pdf\" target=\"_blank\" rel=\"noreferrer noopener\">GTH-PRT-9 INFOGRAFIA BIOSEGURIDAD PARA PARQUEADEROS v2<\/a><\/li>\n\n\n\n<li><a href=\"https:\/\/ucm.edu.co\/ssst\/wp-content\/uploads\/2022\/01\/GTH-PRT-10-LINEAMIENTOS-PARA-INGRESO-Y-SALIDA-DE-LA-UCM-v2.pdf\" target=\"_blank\" rel=\"noreferrer noopener\">GTH-PRT-10 LINEAMIENTOS PARA INGRESO Y SALIDA DE LA UCM v2<\/a><\/li>\n\n\n\n<li><a href=\"https:\/\/ucm.edu.co\/ssst\/wp-content\/uploads\/2022\/01\/GTH-PRT-11-LINEAMIENTOS-DE-BIOSEGURIDAD-PARA-ASISTENCIA-A-REUNIONES-O-EVENTOS-v1.pdf\" target=\"_blank\" rel=\"noreferrer noopener\">GTH-PRT-11 LINEAMIENTOS DE BIOSEGURIDAD PARA ASISTENCIA A REUNIONES O EVENTOS v1<\/a><\/li>\n\n\n\n<li><a href=\"https:\/\/ucm.edu.co\/ssst\/wp-content\/uploads\/2022\/01\/GTH-PRT-14-INFOGRAFIA-RECOMENDACIONES-DE-BIOSEGURIDAD-PARA-EL-USO-DE-LA-BIBLIOTECA-v1.pdf\" target=\"_blank\" rel=\"noreferrer noopener\">GTH-PRT-14 INFOGRAFIA RECOMENDACIONES DE BIOSEGURIDAD PARA EL USO DE LA BIBLIOTECA v1<\/a><\/li>\n\n\n\n<li><a href=\"https:\/\/ucm.edu.co\/ssst\/wp-content\/uploads\/2022\/01\/GTH-PRT-15-PROTOCOLO-DE-BIOSEGURIDAD-PARA-REINGRESO-A-LOS-LABORATORIOS-UCM-v4.pdf\" target=\"_blank\" rel=\"noreferrer noopener\">GTH-PRT-15 PROTOCOLO DE BIOSEGURIDAD PARA REINGRESO A LOS LABORATORIOS UCM v4<\/a><\/li>\n\n\n\n<li><a href=\"https:\/\/ucm.edu.co\/ssst\/wp-content\/uploads\/2022\/01\/GTH-PRT-16-PROTOCOLO-DE-BIOSEGURIDAD-POSIBLE-CASO-COVID-19-SERVICIO-MEDICO-v3.pdf\" target=\"_blank\" rel=\"noreferrer noopener\">GTH-PRT-16 PROTOCOLO DE BIOSEGURIDAD POSIBLE CASO COVID 19 SERVICIO MEDICO v3<\/a><\/li>\n\n\n\n<li><a href=\"https:\/\/ucm.edu.co\/ssst\/wp-content\/uploads\/2022\/01\/GTH-PRT-17-PROTOCOLO-DE-BIOSEGURIDAD-SERVICIOS-DE-SALUD-PARA-COVID-19-UCM-v3.pdf\" target=\"_blank\" rel=\"noreferrer noopener\">GTH-PRT-17 PROTOCOLO DE BIOSEGURIDAD SERVICIOS DE SALUD PARA COVID 19 UCM v3<\/a><\/li>\n\n\n\n<li><a href=\"https:\/\/ucm.edu.co\/ssst\/wp-content\/uploads\/2022\/01\/GTH-PRT-18-INFOGRAFIA-RECOMENDACIONES-GENERALES-FRENTE-AL-COVID-19-v3.pdf\" target=\"_blank\" rel=\"noreferrer noopener\">GTH-PRT-18 INFOGRAFIA RECOMENDACIONES GENERALES FRENTE AL COVID-19 v3<\/a><\/li>\n\n\n\n<li><a href=\"https:\/\/ucm.edu.co\/ssst\/wp-content\/uploads\/2022\/01\/GTH-PRT-21-INFOGRAFIA-PROTOCOLO-DE-CAFETERIAS-Y-ZONAS-DE-ALIMENTACION-v2.pdf\" target=\"_blank\" rel=\"noreferrer noopener\">GTH-PRT-21 INFOGRAFIA PROTOCOLO DE CAFETERIAS Y ZONAS DE ALIMENTACION v2<\/a><\/li>\n\n\n\n<li><a href=\"https:\/\/ucm.edu.co\/ssst\/wp-content\/uploads\/2022\/01\/GTH-PRT-23-PROTOCOLO-GIMNASIO-Y-PISCINA-UCM-v5.pdf\" target=\"_blank\" rel=\"noreferrer noopener\">GTH-PRT-23 PROTOCOLO GIMNASIO Y PISCINA UCM v5<\/a><\/li>\n\n\n\n<li><a href=\"https:\/\/ucm.edu.co\/ssst\/wp-content\/uploads\/2022\/01\/GTH-PRT-26-PROTOCOLO-PARA-EL-CAMPUS-DEPORTIVO-Y-ACTIVIDAD-FISICA-UCM-v5.pdf\" target=\"_blank\" rel=\"noreferrer noopener\">GTH-PRT-26 PROTOCOLO PARA EL CAMPUS DEPORTIVO Y ACTIVIDAD FISICA UCM v5<\/a><\/li>\n\n\n\n<li><a href=\"https:\/\/ucm.edu.co\/ssst\/wp-content\/uploads\/2022\/01\/LISTA-DOCUMENTOS-DE-BIOSEGURIDAD-UCM-2022.pdf\" target=\"_blank\" rel=\"noreferrer noopener\">LISTA DOCUMENTOS DE BIOSEGURIDAD UCM 2022<\/a><\/li>\n\n\n\n<li><a href=\"https:\/\/ucm.edu.co\/ssst\/wp-content\/uploads\/2022\/01\/VBPU-SDSP-01-MANUAL-DE-LIMPIEZA-Y-DESINFECCION-SERVICIO-DE-SALUD-UCM-v4.pdf\" target=\"_blank\" rel=\"noreferrer noopener\">VBPU-SDSP 01 MANUAL DE LIMPIEZA Y DESINFECCION SERVICIO DE SALUD UCM v4<\/a><\/li>\n\n\n\n<li><a href=\"https:\/\/ucm.edu.co\/ssst\/wp-content\/uploads\/2022\/01\/Recomendaciones_biblioteca-1.pdf\" target=\"_blank\" rel=\"noreferrer noopener\">Recomendaciones Biblioteca<\/a><\/li>\n\n\n\n<li><a href=\"https:\/\/ucm.edu.co\/ssst\/wp-content\/uploads\/2021\/04\/ACUERDO-N.-013-POR-MEDIO-DEL-CUAL-SE-APRUEBAN-LOS-PROTOCOLOS-DE-BIOSEGURIDAD-2020.pdf\" target=\"_blank\" rel=\"noreferrer noopener\">ACUERDO N. 013 POR MEDIO DEL CUAL SE APRUEBAN LOS PROTOCOLOS DE BIOSEGURIDAD 2020<\/a><\/li>\n\n\n\n<li><a href=\"https:\/\/ucm.edu.co\/ssst\/wp-content\/uploads\/2021\/04\/ACTA-DE-CAPACITACI%C3%93N-UCM-BIOL%C3%93GICO-COVID-19-01-09-2020.pdf\" target=\"_blank\" rel=\"noreferrer noopener\">ACTA DE CAPACITACI\u00d3N UCM BIOL\u00d3GICO COVID-19, 01-09-2020<\/a><\/li>\n\n\n\n<li><a href=\"https:\/\/ucm.edu.co\/ssst\/wp-content\/uploads\/2021\/04\/COMPARATIVO-ENTRE-RESOLUCIONES-666-Y-1721.xlsx\" target=\"_blank\" rel=\"noreferrer noopener\"><strong>Matriz de auditor\u00eda<\/strong><\/a><\/li>\n\n\n\n<li><a href=\"https:\/\/drive.google.com\/drive\/folders\/12OlUHdnV2rX17mAaA664vJFdCA9758Gt?usp=sharing\" target=\"_blank\" rel=\"noreferrer noopener\"><strong>Repositorio auditor\u00eda<\/strong><\/a><\/li>\n\n\n\n<li><strong>Registo fotogr\u00e1fico<\/strong><\/li>\n<\/ul>\n\n\n\n<p><strong>Aforo<\/strong><\/p>\n\n\n\n<figure class=\"wp-block-image\"><img decoding=\"async\" src=\"https:\/\/ucm.edu.co\/ssst\/wp-content\/uploads\/2021\/04\/aforo.jpg\" alt=\"\" class=\"wp-image-179\"\/><\/figure>\n\n\n\n<p><strong>Atenci\u00f3n al p\u00fablico<\/strong><\/p>\n\n\n\n<figure class=\"wp-block-image\"><img decoding=\"async\" src=\"https:\/\/ucm.edu.co\/ssst\/wp-content\/uploads\/2021\/04\/atencion.jpg\" alt=\"\" class=\"wp-image-180\"\/><\/figure>\n\n\n\n<p><strong>Aulas<\/strong><\/p>\n\n\n\n<figure class=\"wp-block-image\"><img decoding=\"async\" src=\"https:\/\/ucm.edu.co\/ssst\/wp-content\/uploads\/2021\/04\/aulas.jpg\" alt=\"\" class=\"wp-image-181\"\/><\/figure>\n\n\n\n<p><strong>Ba\u00f1os<\/strong><\/p>\n\n\n\n<figure class=\"wp-block-image\"><img decoding=\"async\" src=\"https:\/\/ucm.edu.co\/ssst\/wp-content\/uploads\/2021\/04\/banos.jpg\" alt=\"\" class=\"wp-image-182\"\/><\/figure>\n\n\n\n<p><strong>Caler<\/strong><\/p>\n\n\n\n<figure class=\"wp-block-image\"><img decoding=\"async\" src=\"https:\/\/ucm.edu.co\/ssst\/wp-content\/uploads\/2021\/04\/caler.jpg\" alt=\"\" class=\"wp-image-183\"\/><\/figure>\n\n\n\n<p><strong>Carpa Covid<\/strong><\/p>\n\n\n\n<figure class=\"wp-block-image\"><img decoding=\"async\" src=\"https:\/\/ucm.edu.co\/ssst\/wp-content\/uploads\/2021\/04\/carpa_covid.jpg\" alt=\"\" class=\"wp-image-184\"\/><\/figure>\n\n\n\n<p><strong>Circulaci\u00f3n y se\u00f1alizaci\u00f3n<\/strong><\/p>\n\n\n\n<figure class=\"wp-block-image\"><img decoding=\"async\" src=\"https:\/\/ucm.edu.co\/ssst\/wp-content\/uploads\/2021\/04\/circulacion.jpg\" alt=\"\" class=\"wp-image-185\"\/><\/figure>\n\n\n\n<p><strong>Cuidar Es\u2026<\/strong><\/p>\n\n\n\n<figure class=\"wp-block-image\"><img decoding=\"async\" src=\"https:\/\/ucm.edu.co\/ssst\/wp-content\/uploads\/2021\/04\/cuidar_es.jpg\" alt=\"\" class=\"wp-image-189\"\/><\/figure>\n\n\n\n<p><strong>Gel<\/strong><\/p>\n\n\n\n<figure class=\"wp-block-image\"><img decoding=\"async\" src=\"https:\/\/ucm.edu.co\/ssst\/wp-content\/uploads\/2021\/04\/gel.jpg\" alt=\"\" class=\"wp-image-190\"\/><\/figure>\n\n\n\n<p><strong>Ingreso y salida<\/strong><\/p>\n\n\n\n<figure class=\"wp-block-image\"><img decoding=\"async\" src=\"https:\/\/ucm.edu.co\/ssst\/wp-content\/uploads\/2021\/04\/ingresos.jpg\" alt=\"\" class=\"wp-image-191\"\/><\/figure>\n\n\n\n<p><strong>Lavamanos de pedal<\/strong><\/p>\n\n\n\n<figure class=\"wp-block-image\"><img decoding=\"async\" src=\"https:\/\/ucm.edu.co\/ssst\/wp-content\/uploads\/2021\/04\/lavamanos.jpg\" alt=\"\" class=\"wp-image-192\"\/><\/figure>\n\n\n\n<p><strong>Se\u00f1alizaci\u00f3n EPP<\/strong><\/p>\n\n\n\n<figure class=\"wp-block-image\"><img decoding=\"async\" src=\"https:\/\/ucm.edu.co\/ssst\/wp-content\/uploads\/2021\/04\/senalizacion.jpg\" alt=\"\" class=\"wp-image-193\"\/><\/figure>\n\n\n\n<p><strong>Servicio M\u00e9dico<\/strong><\/p>\n\n\n\n<figure class=\"wp-block-image\"><img decoding=\"async\" src=\"https:\/\/ucm.edu.co\/ssst\/wp-content\/uploads\/2021\/04\/servicio-medico.jpg\" alt=\"\" class=\"wp-image-194\"\/><\/figure>\n\n\n\n<p><strong>Zona de descanso<\/strong><\/p>\n\n\n\n<figure class=\"wp-block-image\"><img decoding=\"async\" src=\"https:\/\/ucm.edu.co\/ssst\/wp-content\/uploads\/2021\/04\/zona_descanso.jpg\" alt=\"\" class=\"wp-image-195\"\/><\/figure>\n\n\n\n<ul class=\"wp-block-list\">\n<li>\u00a0<\/li>\n\n\n\n<li><a href=\"http:\/\/ucm.edu.co\/ssst\/copasst\/cultura-del-cuidado\"><\/a><a href=\"http:\/\/ucm.edu.co\/ssst\/copasst\/\"><\/a><a href=\"https:\/\/ucm.edu.co\/ssst\/bioseguridad\/\"><\/a><\/li>\n<\/ul>\n","protected":false},"excerpt":{"rendered":"<p>Protocolos Aforo Atenci\u00f3n al p\u00fablico Aulas Ba\u00f1os Caler Carpa Covid Circulaci\u00f3n y se\u00f1alizaci\u00f3n Cuidar Es\u2026 Gel Ingreso y salida Lavamanos de pedal Se\u00f1alizaci\u00f3n EPP Servicio M\u00e9dico Zona de descanso<\/p>\n","protected":false},"author":2,"featured_media":0,"parent":0,"menu_order":33,"comment_status":"closed","ping_status":"closed","template":"","meta":{"_et_pb_use_builder":"off","_et_pb_old_content":"","_et_gb_content_width":"","footnotes":""},"class_list":["post-210708","page","type-page","status-publish","hentry"],"_links":{"self":[{"href":"https:\/\/ucm.edu.co\/ssst\/wp-json\/wp\/v2\/pages\/210708","targetHints":{"allow":["GET"]}}],"collection":[{"href":"https:\/\/ucm.edu.co\/ssst\/wp-json\/wp\/v2\/pages"}],"about":[{"href":"https:\/\/ucm.edu.co\/ssst\/wp-json\/wp\/v2\/types\/page"}],"author":[{"embeddable":true,"href":"https:\/\/ucm.edu.co\/ssst\/wp-json\/wp\/v2\/users\/2"}],"replies":[{"embeddable":true,"href":"https:\/\/ucm.edu.co\/ssst\/wp-json\/wp\/v2\/comments?post=210708"}],"version-history":[{"count":1,"href":"https:\/\/ucm.edu.co\/ssst\/wp-json\/wp\/v2\/pages\/210708\/revisions"}],"predecessor-version":[{"id":210709,"href":"https:\/\/ucm.edu.co\/ssst\/wp-json\/wp\/v2\/pages\/210708\/revisions\/210709"}],"wp:attachment":[{"href":"https:\/\/ucm.edu.co\/ssst\/wp-json\/wp\/v2\/media?parent=210708"}],"curies":[{"name":"wp","href":"https:\/\/api.w.org\/{rel}","templated":true}]}}