{"id":210745,"date":"2024-10-01T12:08:26","date_gmt":"2024-10-01T17:08:26","guid":{"rendered":"https:\/\/ucm.edu.co\/ssst\/?page_id=210745"},"modified":"2024-10-01T12:08:27","modified_gmt":"2024-10-01T17:08:27","slug":"estandares-de-seguridad","status":"publish","type":"page","link":"https:\/\/ucm.edu.co\/ssst\/estandares-de-seguridad\/","title":{"rendered":"Est\u00e1ndares de Seguridad"},"content":{"rendered":"\n<h2 class=\"wp-block-heading\">Formatos<\/h2>\n\n\n\n<ul class=\"wp-block-list\">\n<li><a href=\"https:\/\/www.ucm.edu.co\/ssst\/wp-content\/uploads\/docs\/gth-f-54.doc\" target=\"_blank\" rel=\"noreferrer noopener\">GTH-F-54 Est\u00e1ndar de manipulaci\u00f3n de cargas<\/a><\/li>\n\n\n\n<li><a href=\"https:\/\/www.ucm.edu.co\/ssst\/wp-content\/uploads\/docs\/gth-f-55.doc\" target=\"_blank\" rel=\"noreferrer noopener\">GTH-F-55 Est\u00e1ndar de seguridad en oficinas<\/a><\/li>\n\n\n\n<li><a href=\"https:\/\/www.ucm.edu.co\/ssst\/wp-content\/uploads\/docs\/gth-f-56.docx\" target=\"_blank\" rel=\"noreferrer noopener\">GTH-F-56 Est\u00e1ndar de seguridad para mantenimiento de c\u00e1maras<\/a><\/li>\n\n\n\n<li><a href=\"https:\/\/www.ucm.edu.co\/ssst\/wp-content\/uploads\/docs\/gth-f-57.docx\" target=\"_blank\" rel=\"noreferrer noopener\">GTH-F-57 Est\u00e1ndar de seguridad para trabajo en obelisco<\/a><\/li>\n<\/ul>\n\n\n\n<h2 class=\"wp-block-heading\">Otros<\/h2>\n\n\n\n<ul class=\"wp-block-list\">\n<li><a href=\"https:\/\/www.ucm.edu.co\/ssst\/wp-content\/uploads\/docs\/manejo_voz.png\" target=\"_blank\" rel=\"noreferrer noopener\">Manejo de voz<\/a><\/li>\n\n\n\n<li><a href=\"https:\/\/www.ucm.edu.co\/ssst\/wp-content\/uploads\/docs\/presentacion_estandares_prevencion_riesgo_biologico.pdf\" target=\"_blank\" rel=\"noreferrer noopener\">Presentaci\u00f3n de est\u00e1ndares de prevenci\u00f3n de riesgo biol\u00f3gico<\/a><\/li>\n\n\n\n<li><a href=\"https:\/\/www.ucm.edu.co\/ssst\/wp-content\/uploads\/docs\/sientese_bien.jpg\" target=\"_blank\" rel=\"noreferrer noopener\">Si\u00e9ntese bien<\/a><\/li>\n<\/ul>\n","protected":false},"excerpt":{"rendered":"<p>Formatos Otros<\/p>\n","protected":false},"author":2,"featured_media":0,"parent":0,"menu_order":21,"comment_status":"closed","ping_status":"closed","template":"","meta":{"_et_pb_use_builder":"off","_et_pb_old_content":"","_et_gb_content_width":"","footnotes":""},"class_list":["post-210745","page","type-page","status-publish","hentry"],"_links":{"self":[{"href":"https:\/\/ucm.edu.co\/ssst\/wp-json\/wp\/v2\/pages\/210745","targetHints":{"allow":["GET"]}}],"collection":[{"href":"https:\/\/ucm.edu.co\/ssst\/wp-json\/wp\/v2\/pages"}],"about":[{"href":"https:\/\/ucm.edu.co\/ssst\/wp-json\/wp\/v2\/types\/page"}],"author":[{"embeddable":true,"href":"https:\/\/ucm.edu.co\/ssst\/wp-json\/wp\/v2\/users\/2"}],"replies":[{"embeddable":true,"href":"https:\/\/ucm.edu.co\/ssst\/wp-json\/wp\/v2\/comments?post=210745"}],"version-history":[{"count":1,"href":"https:\/\/ucm.edu.co\/ssst\/wp-json\/wp\/v2\/pages\/210745\/revisions"}],"predecessor-version":[{"id":210746,"href":"https:\/\/ucm.edu.co\/ssst\/wp-json\/wp\/v2\/pages\/210745\/revisions\/210746"}],"wp:attachment":[{"href":"https:\/\/ucm.edu.co\/ssst\/wp-json\/wp\/v2\/media?parent=210745"}],"curies":[{"name":"wp","href":"https:\/\/api.w.org\/{rel}","templated":true}]}}