{"id":210905,"date":"2025-05-07T10:06:56","date_gmt":"2025-05-07T15:06:56","guid":{"rendered":"https:\/\/ucm.edu.co\/ssst\/?page_id=210905"},"modified":"2025-12-02T07:42:42","modified_gmt":"2025-12-02T12:42:42","slug":"documentos","status":"publish","type":"page","link":"https:\/\/ucm.edu.co\/ssst\/documentos\/","title":{"rendered":"Documentos"},"content":{"rendered":"<p>[et_pb_section fb_built=&#8221;1&#8243; _builder_version=&#8221;4.27.4&#8243; _module_preset=&#8221;default&#8221; global_colors_info=&#8221;{}&#8221; theme_builder_area=&#8221;post_content&#8221;][et_pb_row _builder_version=&#8221;4.27.4&#8243; _module_preset=&#8221;default&#8221; global_colors_info=&#8221;{}&#8221; theme_builder_area=&#8221;post_content&#8221;][et_pb_column type=&#8221;4_4&#8243; _builder_version=&#8221;4.27.4&#8243; _module_preset=&#8221;default&#8221; global_colors_info=&#8221;{}&#8221; theme_builder_area=&#8221;post_content&#8221;][et_pb_tabs _builder_version=&#8221;4.27.4&#8243; _module_preset=&#8221;default&#8221; hover_enabled=&#8221;0&#8243; global_colors_info=&#8221;{}&#8221; theme_builder_area=&#8221;post_content&#8221; sticky_enabled=&#8221;0&#8243;][et_pb_tab title=&#8221;Contexto de la organizaci\u00f3n&#8221; _builder_version=&#8221;4.27.4&#8243; _module_preset=&#8221;default&#8221; global_colors_info=&#8221;{}&#8221; theme_builder_area=&#8221;post_content&#8221;]<\/p>\n<h3><i style=\"color: #ffb702;\" class=\"fa-solid fa-folder-open\"><\/i> Formatos<\/h3>\n<ul class=\"listado_generico\">\n<li><a href=\"\/ssst\/wp-content\/uploads\/docs\/gth-f-58.xlsx\">GTH-F-58-Matriz DOFA<\/a><\/li>\n<li><a href=\"\/ssst\/wp-content\/uploads\/docs\/gth-f-75.xlsx\">GTH-F-75-Formato Partes Interesadas UCM<\/a><\/li>\n<\/ul>\n<p>[\/et_pb_tab][et_pb_tab title=&#8221;Liderazgo y participaci\u00f3n de los trabajadores&#8221; _builder_version=&#8221;4.27.4&#8243; _module_preset=&#8221;default&#8221; global_colors_info=&#8221;{}&#8221; theme_builder_area=&#8221;post_content&#8221;]<\/p>\n<ul class=\"listado_generico\">\n<li><a title=\"Procedimientos de apoyo para gesti\u00f3n de egresados\" href=\"\/ssst\/wp-content\/uploads\/docs\/integrantes-coppasst-2023.pdf\" target=\"_blank\" rel=\"noopener\">Integrantes COPPASST 2023<\/a><\/li>\n<\/ul>\n<h3><i style=\"color: #008995;\" class=\"fa-solid fa-paste\"><\/i> Procedimientos<\/h3>\n<ul class=\"listado_generico\">\n<li><a href=\"\/ssst\/wp-content\/uploads\/docs\/gth-p-33.docx\">GTH-P-33 Mecanismos de participaci\u00f3n y consulta de SST<\/a><\/li>\n<\/ul>\n<h3><i style=\"color: #ffb702;\" class=\"fa-solid fa-folder-open\"><\/i> Formatos<\/h3>\n<ul class=\"listado_generico\">\n<li><a href=\"\/ssst\/wp-content\/uploads\/docs\/gth-f-76.xlsx\">GTH-F-76 Roles y responsabilidades en el SGSST<\/a><\/li>\n<\/ul>\n<p>[\/et_pb_tab][et_pb_tab title=&#8221;Planificaci\u00f3n&#8221; _builder_version=&#8221;4.27.4&#8243; _module_preset=&#8221;default&#8221; global_colors_info=&#8221;{}&#8221; theme_builder_area=&#8221;post_content&#8221;]<\/p>\n<h3><i style=\"color: #008995;\" class=\"fa-solid fa-paste\"><\/i> Procedimientos<\/h3>\n<ul class=\"listado_generico\">\n<li><a href=\"\/ssst\/wp-content\/uploads\/docs\/gth-p-10.docx\">GTH-P-10-Procedimiento identificaci\u00f3n de requisitos legales en SST<\/a><\/li>\n<li><a href=\"\/ssst\/wp-content\/uploads\/docs\/gth-p-13.docx\">GTH-P-13-Procedimiento identificaci\u00f3n de peligros y valoraci\u00f3n de riesgos<\/a><\/li>\n<li><a href=\"\/ssst\/wp-content\/uploads\/docs\/gth-p-14.docx\">GTH-P-14 Procedimiento afiliaci\u00f3n ARL estudiantes en pr\u00e1ctica<\/a><\/li>\n<\/ul>\n<h3><i style=\"color: #ffb702;\" class=\"fa-solid fa-folder-open\"><\/i> Formatos<\/h3>\n<ul class=\"listado_generico\">\n<li><a href=\"\/ssst\/wp-content\/uploads\/docs\/gth-f-32.docx\">GTH-F-32-Encuesta de identificaci\u00f3n peligros participaci\u00f3n de los colaboradores<\/a><\/li>\n<li><a href=\"\/ssst\/wp-content\/uploads\/docs\/gth-f-33.xlsx\">GTH-F-33-Formato de Requisitos Legales SG-SST<\/a><\/li>\n<li><a href=\"\/ssst\/wp-content\/uploads\/docs\/gth-f-34.xlsx\">GTH-F-34 Afiliaci\u00f3n estudiantes en pr\u00e1ctica<\/a><\/li>\n<li><a href=\"\/ssst\/wp-content\/uploads\/docs\/gth-f-49.xlsx\">GTH-F-49 Plan de trabajo SST<\/a><\/li>\n<\/ul>\n<h3><i style=\"color: #ff9000;\" class=\"fa-solid fa-circle-exclamation\"><\/i> Gesti\u00f3n de riesgos<\/h3>\n<ul class=\"listado_generico\">\n<li><a href=\"\/ssst\/wp-content\/uploads\/docs\/gco-f-6.xlsx\" target=\"_blank\" rel=\"noopener\">GCO-F-6 Gesti\u00f3n del riesgo<\/a><\/li>\n<\/ul>\n<p>[\/et_pb_tab][et_pb_tab title=&#8221;Apoyo&#8221; _builder_version=&#8221;4.27.4&#8243; _module_preset=&#8221;default&#8221; global_colors_info=&#8221;{}&#8221; theme_builder_area=&#8221;post_content&#8221;]<\/p>\n<ul class=\"listado_generico\">\n<li><a href=\"\/ssst\/wp-content\/uploads\/docs\/responsabilidades-sistema-gestion-sst.pdf\" target=\"_blank\" rel=\"noopener\">Responsabilidades Sistema Gesti\u00f3n SST<\/a><\/li>\n<\/ul>\n<h3><i style=\"color: #ffb702;\" class=\"fa-solid fa-folder-open\"><\/i> Formatos<\/h3>\n<ul class=\"listado_generico\">\n<li><a href=\"\/ssst\/wp-content\/uploads\/docs\/gth-f-10.xlsx\">GTH-F-10 Registro de asistencia<\/a><\/li>\n<li><a href=\"\/ssst\/wp-content\/uploads\/docs\/gth-f-11.docx\">GTH-F-11 Perfil Coordinador SST<\/a><\/li>\n<li><a href=\"\/ssst\/wp-content\/uploads\/docs\/gth-f-11-01.docx\">GTH-F-11Perfil Lider SG-SST<\/a><\/li>\n<li><a href=\"\/ssst\/wp-content\/uploads\/docs\/gth-f-60.xlsx\">GTH-F-60 Plan de capacitaci\u00f3n y entrenamiento SST<\/a><\/li>\n<\/ul>\n<p>[\/et_pb_tab][et_pb_tab title=&#8221;Operaci\u00f3n&#8221; _builder_version=&#8221;4.27.4&#8243; _module_preset=&#8221;default&#8221; hover_enabled=&#8221;0&#8243; global_colors_info=&#8221;{}&#8221; theme_builder_area=&#8221;post_content&#8221; sticky_enabled=&#8221;0&#8243;]<\/p>\n<h2>EPP<\/h2>\n<h3><i style=\"color: #008995;\" class=\"fa-solid fa-paste\"><\/i> Procedimientos<\/h3>\n<ul class=\"listado_generico\">\n<li><a href=\"\/ssst\/wp-content\/uploads\/docs\/gth-p-20.docx\">GTH-P-20-Procedimiento para la selecci\u00f3n EPP<\/a><\/li>\n<\/ul>\n<h3><i style=\"color: #ffb702;\" class=\"fa-solid fa-folder-open\"><\/i> Formatos<\/h3>\n<ul class=\"listado_generico\">\n<li><a href=\"\/ssst\/wp-content\/uploads\/docs\/gth-f.xlsx\">GTH-F- Matriz EPP de Alturas<\/a><\/li>\n<li><a href=\"\/ssst\/wp-content\/uploads\/docs\/gth-f-31.docx\">GTH-F-31-Formato entrega EPP<\/a><\/li>\n<\/ul>\n<hr \/>\n<h2>Gesti\u00f3n del cambio<\/h2>\n<h3><i style=\"color: #008995;\" class=\"fa-solid fa-paste\"><\/i> Procedimientos<\/h3>\n<ul class=\"listado_generico\">\n<li><a href=\"\/ssst\/wp-content\/uploads\/docs\/gth-p-15.docx\">GTH-P-15 Procedimiento de Gesti\u00f3n del Cambio UCM<\/a><\/li>\n<\/ul>\n<h3><i style=\"color: #ffb702;\" class=\"fa-solid fa-folder-open\"><\/i> Formatos<\/h3>\n<ul class=\"listado_generico\">\n<li><a href=\"\/ssst\/wp-content\/uploads\/docs\/gth-p-37.xlsx\">GTH-F-37 Formato Gesti\u00f3n del Cambio UCM<\/a><\/li>\n<\/ul>\n<hr \/>\n<h2>Inspecciones<\/h2>\n<h3>Procedimientos<\/h3>\n<ul class=\"listado_generico\">\n<li><a href=\"\/ssst\/wp-content\/uploads\/docs\/gth-p-18.doc\">GTH-P-18 Procedimiento para inspecciones de seguridad<\/a><\/li>\n<\/ul>\n<h3><i style=\"color: #ffb702;\" class=\"fa-solid fa-folder-open\"><\/i> Formatos<\/h3>\n<ul class=\"listado_generico\">\n<li><a href=\"\/ssst\/wp-content\/uploads\/docs\/gth-f-14.xlsx\">GTH-F- 14 Formato Inspecciones de Seguridad<\/a><\/li>\n<\/ul>\n<hr \/>\n<h2>Procedimiento Operativo Normalizado<\/h2>\n<h3><i style=\"color: #008995;\" class=\"fa-solid fa-paste\"><\/i> Procedimientos<\/h3>\n<ul class=\"listado_generico\">\n<li>GTH-P-27 PON de Evacuaci\u00f3n<\/li>\n<li>GTH-P-28 PON lluvia fuerte e inundaci\u00f3n<\/li>\n<li>GTH-P-29 PON Atenci\u00f3n de lesionados<\/li>\n<li>GTH-P-30 PON Derrame de producto qu\u00edmico<\/li>\n<li>GTH-P-31 PON de Explosi\u00f3n<\/li>\n<li>GTH-P-32 PON Incendio Forestal<\/li>\n<li>GTH-P-33 PON Rescate en alturas<\/li>\n<li>GTH-P-35 PON Sismo<\/li>\n<\/ul>\n<hr \/>\n<h2>Programa de Medicina preventiva y del trabajo<\/h2>\n<h3><i style=\"color: #008995;\" class=\"fa-solid fa-paste\"><\/i> Procedimientos<\/h3>\n<ul class=\"listado_generico\">\n<li><a href=\"\/ssst\/wp-content\/uploads\/docs\/gth-p-22.docx\">GTH-P-22 Procedimiento para examenes medicos ocupacionales<\/a><\/li>\n<\/ul>\n<h3><i style=\"color: #ffb702;\" class=\"fa-solid fa-folder-open\"><\/i> Programas<\/h3>\n<ul class=\"listado_generico\">\n<li><a href=\"\/ssst\/wp-content\/uploads\/docs\/gth-prg-8.docx\">GTH PRG 8 Programa de Medicina Preventiva y del Trabajo<\/a><\/li>\n<\/ul>\n<hr \/>\n<h2>Programa de Orden y aseo<\/h2>\n<h3><i style=\"color: #008995;\" class=\"fa-solid fa-paste\"><\/i> Programas<\/h3>\n<ul class=\"listado_generico\">\n<li><a href=\"\/ssst\/wp-content\/uploads\/docs\/gth-prg-5.docx\">GTH-PRG-5 Programa de orden y aseo<\/a><\/li>\n<\/ul>\n<h3><i style=\"color: #ffb702;\" class=\"fa-solid fa-folder-open\"><\/i> Formatos<\/h3>\n<ul class=\"listado_generico\">\n<li><a href=\"\/ssst\/wp-content\/uploads\/docs\/gth-f-70.xlsx\">GTH-F-70 Lista de chequeo programa de orden y aseo<\/a><\/li>\n<\/ul>\n<hr \/>\n<h2>Programa de Reintegro laboral<\/h2>\n<h3><i style=\"color: #008995;\" class=\"fa-solid fa-paste\"><\/i> Programas<\/h3>\n<ul class=\"listado_generico\">\n<li><a href=\"\/ssst\/wp-content\/uploads\/docs\/gth-pr-4.docx\">GTH-PR-4-Programa de Reintegro Laboral y Rehabilitaci\u00f3n<\/a><\/li>\n<\/ul>\n<h3><i style=\"color: #ffb702;\" class=\"fa-solid fa-folder-open\"><\/i> Formatos<\/h3>\n<ul class=\"listado_generico\">\n<li><a href=\"\/ssst\/wp-content\/uploads\/docs\/gth-f-47.docx\">GTH-F-47 Formato seguimiento a la reincorporaci\u00f3n<\/a><\/li>\n<li><a href=\"\/ssst\/wp-content\/uploads\/docs\/gth-f-61.docx\">GTH-F-61 Formato acta de reincorporaci\u00f3n<\/a><\/li>\n<\/ul>\n<hr \/>\n<h2>Programa de Riesgo bil\u00f3gico<\/h2>\n<h3><i style=\"color: #008995;\" class=\"fa-solid fa-paste\"><\/i> Programas<\/h3>\n<ul class=\"listado_generico\">\n<li>GTH-PGR-7 SVE para Riesgo Bil\u00f3gico<\/li>\n<\/ul>\n<hr \/>\n<h2>Programa DME<\/h2>\n<h3><i style=\"color: #008995;\" class=\"fa-solid fa-paste\"><\/i> Programas<\/h3>\n<ul class=\"listado_generico\">\n<li>Programa PVE DME UCM<\/li>\n<\/ul>\n<hr \/>\n<h2>Programa de Riesgos Qu\u00edmicos<\/h2>\n<h3><i style=\"color: #008995;\" class=\"fa-solid fa-paste\"><\/i> Programa<\/h3>\n<ul class=\"listado_generico\">\n<li>GTH-PRG-3 Programa manejo qu\u00edmicos<\/li>\n<\/ul>\n<hr \/>\n<h2>Protocolos de seguridad<\/h2>\n<h3><i style=\"color: #ffb702;\" class=\"fa-solid fa-folder-open\"><\/i> Formatos<\/h3>\n<ul class=\"listado_generico\">\n<li>GTH-F-82 Formato de Seguridad para trabajo en alturas &#8211; Mantenimiento de C\u00e1maras<\/li>\n<li>GTH-F-83 Formato de Seguridad Trabajo en el Obelisco<\/li>\n<\/ul>\n<hr \/>\n<h2>Programa de Reporte de accidentes<\/h2>\n<h3><i style=\"color: #008995;\" class=\"fa-solid fa-paste\"><\/i> Procedimientos<\/h3>\n<ul class=\"listado_generico\">\n<li><a href=\"\/ssst\/wp-content\/uploads\/docs\/gth-p-9.docx\">GTH-P-9 Procedimiento para la investigaci\u00f3n de AT IT<\/a><\/li>\n<\/ul>\n<h3><i style=\"color: #ffb702;\" class=\"fa-solid fa-folder-open\"><\/i> Formatos<\/h3>\n<ul class=\"listado_generico\">\n<li><a href=\"\/ssst\/wp-content\/uploads\/docs\/gth-f-46.xlsx\">GTH-F-46-Formato de investigaci\u00f3n de incidentes y accidentes de trabajo<\/a><\/li>\n<li><a href=\"\/ssst\/wp-content\/uploads\/docs\/gth-f-51.xlsx\">GTH-F-51 Reporte de incidente &#8211; condiciones inseguras y acto inseguro<\/a><\/li>\n<li><a href=\"\/ssst\/wp-content\/uploads\/docs\/gth-f-53.docx\">GTH-F-53-Reporte accidente AT estudiante en pr\u00e1ctica<\/a><\/li>\n<li><a href=\"\/ssst\/wp-content\/uploads\/docs\/gth-f-54.docx\">GTH-F-54-Lecci\u00f3n aprendida<\/a><\/li>\n<li><a href=\"\/ssst\/wp-content\/uploads\/docs\/gth-f-59.xlsx\">GTH-F-59 Identificaci\u00f3n de peligros, valoraci\u00f3n de riesgos, determinaci\u00f3n de controles<\/a><\/li>\n<li><a href=\"\/ssst\/wp-content\/uploads\/docs\/gth-f-77.xlsx\">GTH-F-77 Reporte interno de AT<\/a><\/li>\n<li><a href=\"\/ssst\/wp-content\/uploads\/docs\/gth-f-79.xlsx\">GTH-F-79 Formato de investigaci\u00f3n de reporte<\/a><\/li>\n<\/ul>\n<hr \/>\n<p>[\/et_pb_tab][et_pb_tab title=&#8221;Mejora&#8221; _builder_version=&#8221;4.27.4&#8243; _module_preset=&#8221;default&#8221; global_colors_info=&#8221;{}&#8221; theme_builder_area=&#8221;post_content&#8221;]<\/p>\n<h3><i style=\"color: #ffb702;\" class=\"fa-solid fa-folder-open\"><\/i> Formatos<\/h3>\n<ul class=\"listado_generico\">\n<li><a href=\"\/ssst\/wp-content\/uploads\/docs\/gth-f-83.xlsx\">GTH-F-83 Matriz de seguimiento e implementaci\u00f3n de acciones SGSST<\/a><\/li>\n<\/ul>\n<p>[\/et_pb_tab][et_pb_tab title=&#8221;Requisitos del proceso&#8221; _builder_version=&#8221;4.27.4&#8243; _module_preset=&#8221;default&#8221; overflow-x=&#8221;hidden&#8221; overflow-y=&#8221;hidden&#8221; custom_css_free_form=&#8221;selector {||  display: none !important;||}&#8221; global_colors_info=&#8221;{}&#8221; theme_builder_area=&#8221;post_content&#8221;]<\/p>\n<h3><i style=\"color: #86c45d;\" class=\"fa-solid fa-clipboard-list\"><\/i> Caracterizaci\u00f3n del proceso<\/h3>\n<ul class=\"listado_generico\">\n<li><a title=\"Procedimientos de apoyo para gesti\u00f3n de egresados\" href=\"\/ssst\/wp-content\/uploads\/docs\/gth-c-1.docx\" target=\"_blank\" rel=\"noopener\">GTH-C-1\u00a0 Caracterizaci\u00f3n del proceso Geti\u00f3n del Taleno Humano<\/a><\/li>\n<\/ul>\n<h3><i style=\"color: #02b15a;\" class=\"fa-solid fa-book\"><\/i> Matriz de comunicaciones<\/h3>\n<ul class=\"listado_generico\">\n<li><a href=\"https:\/\/www.ucm.edu.co\/ssst\/wp-content\/uploads\/docs\/com-f-1.xlsx\" target=\"_blank\" rel=\"noopener\">COM-F-1 Matriz de comunicaciones<\/a><\/li>\n<\/ul>\n<h3><i style=\"color: #83949f;\" class=\"fa-solid fa-book-open\"><\/i> Manuales<\/h3>\n<ul class=\"listado_generico\">\n<li><a href=\"\/ssst\/wp-content\/uploads\/docs\/gth-m-1.docx\" target=\"_blank\" rel=\"noopener\">GTH-M-1 Manual del SG-SST<\/a><\/li>\n<\/ul>\n<h3><i style=\"color: #0399d2;\" class=\"fa-solid fa-bookmark\"><\/i> Reglamentos<\/h3>\n<ul class=\"listado_generico\">\n<li><a href=\"\/ssst\/wp-content\/uploads\/docs\/reglamento-higiene-seguridad-industrial.docx\" target=\"_blank\" rel=\"noopener\">Reglamento de higiene y seguridad industrial<\/a><\/li>\n<li><a href=\"https:\/\/www.ucm.edu.co\/ssst\/wp-content\/uploads\/docs\/reglamento_higiene_seguridad_industrial.pdf\" target=\"_blank\" rel=\"noopener noreferrer\">Resoluci\u00f3n N. 049 del 31 de octubre de 2016<\/a><\/li>\n<\/ul>\n<p>[\/et_pb_tab][et_pb_tab title=&#8221;Contexto de la organizaci\u00f3n&#8221; _builder_version=&#8221;4.27.4&#8243; _module_preset=&#8221;default&#8221; overflow-x=&#8221;hidden&#8221; overflow-y=&#8221;hidden&#8221; custom_css_free_form=&#8221;selector {||  display: none !important;||}&#8221; global_colors_info=&#8221;{}&#8221; theme_builder_area=&#8221;post_content&#8221;]<\/p>\n<h3><i style=\"color: #86c45d;\" class=\"fa-solid fa-clipboard-list\"><\/i> Caracterizaci\u00f3n del proceso<\/h3>\n<ul class=\"listado_generico\">\n<li><a title=\"Procedimientos de apoyo para gesti\u00f3n de egresados\" href=\"\/ssst\/wp-content\/uploads\/docs\/gth-c-1.docx\" target=\"_blank\" rel=\"noopener\">GTH-C-1\u00a0 Caracterizaci\u00f3n del proceso Geti\u00f3n del Taleno Humano<\/a><\/li>\n<\/ul>\n<h3><i style=\"color: #008995;\" class=\"fa-solid fa-paste\"><\/i> Procedimientos<\/h3>\n<ul class=\"listado_generico\">\n<li><a href=\"\/sig\/wp-content\/uploads\/docs\/macroprocesos_estrategicos\/dir\/dir-p-1.doc\" target=\"_blank\" rel=\"noopener\">DIR-P-1\u00a0 Procedimiento para la formulaci\u00f3n del plan de desarrollo institucional<\/a>\n<ul class=\"listado_generico\"><\/ul>\n<\/li>\n<\/ul>\n<h3><i style=\"color: #ffb702;\" class=\"fa-solid fa-folder-open\"><\/i> Formatos<\/h3>\n<ul class=\"listado_generico\">\n<li><a href=\"\/sig\/wp-content\/uploads\/docs\/macroprocesos_estrategicos\/dir\/dir-f-1.xlsx\" target=\"_blank\" rel=\"noopener\">DIR-F-1\u00a0 Formato plan de gesti\u00f3n<\/a><\/li>\n<li><a href=\"\/sig\/wp-content\/uploads\/docs\/macroprocesos_estrategicos\/dir\/dir-f-2.docx\" target=\"_blank\" rel=\"noopener\">DIR-F-2\u00a0 Matriz institucional de indicadores<\/a><\/li>\n<li><a href=\"\/sig\/wp-content\/uploads\/docs\/macroprocesos_estrategicos\/dir\/dir-f-3.xlsx\" target=\"_blank\" rel=\"noopener\">DIR-F-3\u00a0 Formato para estructurar presupuesto<\/a><\/li>\n<li><a href=\"\/sig\/wp-content\/uploads\/docs\/macroprocesos_estrategicos\/dir\/dir-f-4.doc\" target=\"_blank\" rel=\"noopener\">DIR-F-4\u00a0 Formato plan de mejoramiento<\/a><\/li>\n<li><a href=\"\/sig\/wp-content\/uploads\/docs\/macroprocesos_estrategicos\/dir\/dir-f-6.doc\" target=\"_blank\" rel=\"noopener\">DIR-F-6 Reporte de seguimiento a la gesti\u00f3n<\/a><\/li>\n<\/ul>\n<h3><i style=\"color: #02b15a;\" class=\"fa-solid fa-book\"><\/i> Matriz de comunicaciones<\/h3>\n<ul class=\"listado_generico\">\n<li><a href=\"https:\/\/www.ucm.edu.co\/ssst\/wp-content\/uploads\/docs\/com-f-1.xlsx\" target=\"_blank\" rel=\"noopener\">COM-F-1 Matriz de comunicaciones<\/a><\/li>\n<\/ul>\n<h3><i style=\"color: #83949f;\" class=\"fa-solid fa-book-open\"><\/i> Manuales<\/h3>\n<ul class=\"listado_generico\">\n<li><a href=\"\/ssst\/wp-content\/uploads\/docs\/gth-m-1.docx\" target=\"_blank\" rel=\"noopener\">GTH-M-1 Manual del SG-SST<\/a><\/li>\n<\/ul>\n<h3><i style=\"color: #0399d2;\" class=\"fa-solid fa-bookmark\"><\/i> Reglamentos<\/h3>\n<ul class=\"listado_generico\">\n<li><a href=\"\/ssst\/wp-content\/uploads\/docs\/reglamento-higiene-seguridad-industrial.docx\" target=\"_blank\" rel=\"noopener\">Reglamento de higiene y seguridad industrial<\/a><\/li>\n<li><a href=\"https:\/\/www.ucm.edu.co\/ssst\/wp-content\/uploads\/docs\/reglamento_higiene_seguridad_industrial.pdf\" target=\"_blank\" rel=\"noopener noreferrer\">Resoluci\u00f3n N. 049 del 31 de octubre de 2016<\/a><\/li>\n<\/ul>\n<h3><i style=\"color: #ff9000;\" class=\"fa-solid fa-circle-exclamation\"><\/i> Gesti\u00f3n de riesgos<\/h3>\n<ul class=\"listado_generico\">\n<li><a href=\"\/sig\/wp-content\/uploads\/docs\/macroprocesos_evaluacion_control\/gco\/gco-f-6-dir.xlsx\" target=\"_blank\" rel=\"noopener\">GCO-F-6 Gesti\u00f3n del riesgo<\/a><\/li>\n<\/ul>\n<p>[\/et_pb_tab][et_pb_tab title=&#8221;Comit\u00e9 de Convivencia Laboral&#8221; _builder_version=&#8221;4.27.4&#8243; _module_preset=&#8221;default&#8221; global_colors_info=&#8221;{}&#8221; theme_builder_area=&#8221;post_content&#8221;][\/et_pb_tab][\/et_pb_tabs][\/et_pb_column][\/et_pb_row][\/et_pb_section]<\/p>\n","protected":false},"excerpt":{"rendered":"<p>Formatos GTH-F-58-Matriz DOFA GTH-F-75-Formato Partes Interesadas UCM Integrantes COPPASST 2023 Procedimientos GTH-P-33 Mecanismos de participaci\u00f3n y consulta de SST Formatos GTH-F-76 Roles y responsabilidades en el SGSST Procedimientos GTH-P-10-Procedimiento identificaci\u00f3n [&hellip;]<\/p>\n","protected":false},"author":2,"featured_media":0,"parent":0,"menu_order":4,"comment_status":"closed","ping_status":"closed","template":"","meta":{"_et_pb_use_builder":"on","_et_pb_old_content":"","_et_gb_content_width":"","footnotes":""},"class_list":["post-210905","page","type-page","status-publish","hentry"],"_links":{"self":[{"href":"https:\/\/ucm.edu.co\/ssst\/wp-json\/wp\/v2\/pages\/210905","targetHints":{"allow":["GET"]}}],"collection":[{"href":"https:\/\/ucm.edu.co\/ssst\/wp-json\/wp\/v2\/pages"}],"about":[{"href":"https:\/\/ucm.edu.co\/ssst\/wp-json\/wp\/v2\/types\/page"}],"author":[{"embeddable":true,"href":"https:\/\/ucm.edu.co\/ssst\/wp-json\/wp\/v2\/users\/2"}],"replies":[{"embeddable":true,"href":"https:\/\/ucm.edu.co\/ssst\/wp-json\/wp\/v2\/comments?post=210905"}],"version-history":[{"count":35,"href":"https:\/\/ucm.edu.co\/ssst\/wp-json\/wp\/v2\/pages\/210905\/revisions"}],"predecessor-version":[{"id":211057,"href":"https:\/\/ucm.edu.co\/ssst\/wp-json\/wp\/v2\/pages\/210905\/revisions\/211057"}],"wp:attachment":[{"href":"https:\/\/ucm.edu.co\/ssst\/wp-json\/wp\/v2\/media?parent=210905"}],"curies":[{"name":"wp","href":"https:\/\/api.w.org\/{rel}","templated":true}]}}