{"id":211007,"date":"2025-05-09T09:03:36","date_gmt":"2025-05-09T14:03:36","guid":{"rendered":"https:\/\/ucm.edu.co\/ssst\/?page_id=211007"},"modified":"2025-05-09T09:03:54","modified_gmt":"2025-05-09T14:03:54","slug":"induccion-y-reinduccion-en-sst","status":"publish","type":"page","link":"https:\/\/ucm.edu.co\/ssst\/induccion-y-reinduccion-en-sst\/","title":{"rendered":"Inducci\u00f3n y reinducci\u00f3n en SST"},"content":{"rendered":"\n<figure class=\"wp-block-embed is-type-video is-provider-youtube wp-block-embed-youtube wp-embed-aspect-16-9 wp-has-aspect-ratio\"><div class=\"wp-block-embed__wrapper\">\n<iframe loading=\"lazy\" title=\"Ten en cuenta esto si est\u00e1s en la UCM | Seguridad y Salud en el Trabajo\" width=\"1080\" height=\"608\" src=\"https:\/\/www.youtube.com\/embed\/h1-nC-HWxnE?feature=oembed\"  allow=\"accelerometer; autoplay; clipboard-write; encrypted-media; gyroscope; picture-in-picture; web-share\" referrerpolicy=\"strict-origin-when-cross-origin\" allowfullscreen><\/iframe>\n<\/div><\/figure>\n\n\n\n<p><\/p>\n\n\n\n<div class=\"wp-block-buttons is-layout-flex wp-block-buttons-is-layout-flex\">\n<div class=\"wp-block-button\"><a class=\"boton_generico wp-block-button__link wp-element-button\" href=\"https:\/\/ucm.edu.co\/ssst\/wp-content\/uploads\/2025\/05\/induccion-reinduccion-colaboradores-umc.pptx\" target=\"_blank\" rel=\"noreferrer noopener\">Descarga aqu\u00ed la presentaci\u00f3n de Inducci\u00f3n y Reinducci\u00f3n Colaboradores UCM<\/a><\/div>\n<\/div>\n","protected":false},"excerpt":{"rendered":"","protected":false},"author":2,"featured_media":0,"parent":0,"menu_order":3,"comment_status":"closed","ping_status":"closed","template":"","meta":{"_et_pb_use_builder":"off","_et_pb_old_content":"","_et_gb_content_width":"","footnotes":""},"class_list":["post-211007","page","type-page","status-publish","hentry"],"_links":{"self":[{"href":"https:\/\/ucm.edu.co\/ssst\/wp-json\/wp\/v2\/pages\/211007","targetHints":{"allow":["GET"]}}],"collection":[{"href":"https:\/\/ucm.edu.co\/ssst\/wp-json\/wp\/v2\/pages"}],"about":[{"href":"https:\/\/ucm.edu.co\/ssst\/wp-json\/wp\/v2\/types\/page"}],"author":[{"embeddable":true,"href":"https:\/\/ucm.edu.co\/ssst\/wp-json\/wp\/v2\/users\/2"}],"replies":[{"embeddable":true,"href":"https:\/\/ucm.edu.co\/ssst\/wp-json\/wp\/v2\/comments?post=211007"}],"version-history":[{"count":2,"href":"https:\/\/ucm.edu.co\/ssst\/wp-json\/wp\/v2\/pages\/211007\/revisions"}],"predecessor-version":[{"id":211010,"href":"https:\/\/ucm.edu.co\/ssst\/wp-json\/wp\/v2\/pages\/211007\/revisions\/211010"}],"wp:attachment":[{"href":"https:\/\/ucm.edu.co\/ssst\/wp-json\/wp\/v2\/media?parent=211007"}],"curies":[{"name":"wp","href":"https:\/\/api.w.org\/{rel}","templated":true}]}}